{"id":117777,"date":"2026-03-17T15:50:51","date_gmt":"2026-03-17T19:50:51","guid":{"rendered":"https:\/\/ville.ddo.qc.ca\/projets-speciaux-2\/"},"modified":"2026-03-18T13:13:37","modified_gmt":"2026-03-18T17:13:37","slug":"projets-speciaux-2","status":"publish","type":"page","link":"https:\/\/ville.ddo.qc.ca\/en\/projets-speciaux-2\/","title":{"rendered":"Special projects"},"content":{"rendered":"\t\t<div data-elementor-type=\"wp-page\" data-elementor-id=\"117777\" class=\"elementor elementor-117777\" data-elementor-post-type=\"page\">\n\t\t\t\t\t\t<section class=\"elementor-section elementor-top-section elementor-element elementor-element-e8b6913 elementor-section-boxed elementor-section-height-default elementor-section-height-default\" data-id=\"e8b6913\" data-element_type=\"section\" data-e-type=\"section\">\n\t\t\t\t\t\t<div class=\"elementor-container elementor-column-gap-default\">\n\t\t\t\t\t<div class=\"elementor-column elementor-col-100 elementor-top-column elementor-element elementor-element-8abb11f\" data-id=\"8abb11f\" data-element_type=\"column\" data-e-type=\"column\">\n\t\t\t<div class=\"elementor-widget-wrap elementor-element-populated\">\n\t\t\t\t\t\t<div class=\"elementor-element elementor-element-10fcdba elementor-cta--valign-middle elementor-widget__width-initial elementor-cta--layout-image-right elementor-cta--mobile-layout-image-above elementor-widget-tablet__width-initial elementor-cta--skin-classic elementor-animated-content elementor-widget elementor-widget-call-to-action\" data-id=\"10fcdba\" data-element_type=\"widget\" data-e-type=\"widget\" data-widget_type=\"call-to-action.default\">\n\t\t\t\t<div class=\"elementor-widget-container\">\n\t\t\t\t\t\t\t<a class=\"elementor-cta\" href=\"https:\/\/ville.ddo.qc.ca\/projets-speciaux\/dossier-hydro-quebec-2\/\">\n\t\t\t\t\t<div class=\"elementor-cta__bg-wrapper\">\n\t\t\t\t<div class=\"elementor-cta__bg elementor-bg lazyload\" style=\"background-image:inherit;\" role=\"img\" aria-label=\"Station hydro\u00e9lectrique\" data-bg-image=\"url(https:\/\/ville.ddo.qc.ca\/wp-content\/smush-webp\/2026\/03\/Station-hydroelectrique-768x511.jpg.webp)\"><\/div>\n\t\t\t\t<div class=\"elementor-cta__bg-overlay\"><\/div>\n\t\t\t<\/div>\n\t\t\t\t\t\t\t<div class=\"elementor-cta__content\">\n\t\t\t\t\n\t\t\t\t\t\t\t\t\t<h2 class=\"elementor-cta__title elementor-cta__content-item elementor-content-item\">\n\t\t\t\t\t\tDossier <br>Hydro-Qu\u00e9bec\t\t\t\t\t<\/h2>\n\t\t\t\t\n\t\t\t\t\t\t\t\t\t<div class=\"elementor-cta__description elementor-cta__content-item elementor-content-item\">\n\t\t\t\t\t\tTravaux au poste Saint-Jean : un projet majeur pour r\u00e9pondre aux besoins en \u00e9lectricit\u00e9 grandissants de l\u2019ouest de l\u2019\u00eele de Montr\u00e9al.\t\t\t\t\t<\/div>\n\t\t\t\t\n\t\t\t\t\t\t\t<\/div>\n\t\t\t\t\t\t<\/a>\n\t\t\t\t\t\t<\/div>\n\t\t\t\t<\/div>\n\t\t\t\t<div class=\"elementor-element elementor-element-9000679 elementor-cta--valign-middle elementor-widget__width-initial elementor-cta--layout-image-right elementor-cta--mobile-layout-image-above elementor-widget-tablet__width-initial elementor-cta--skin-classic elementor-animated-content elementor-widget elementor-widget-call-to-action\" data-id=\"9000679\" data-element_type=\"widget\" data-e-type=\"widget\" data-widget_type=\"call-to-action.default\">\n\t\t\t\t<div class=\"elementor-widget-container\">\n\t\t\t\t\t\t\t<a class=\"elementor-cta\" href=\"https:\/\/ville.ddo.qc.ca\/projets-speciaux\/parc-lineaire-de-salaberry\/\">\n\t\t\t\t\t<div class=\"elementor-cta__bg-wrapper\">\n\t\t\t\t<div class=\"elementor-cta__bg elementor-bg lazyload\" style=\"background-image:inherit;\" role=\"img\" aria-label=\"photoHQ-2021-211-083 rev\" data-bg-image=\"url(https:\/\/ville.ddo.qc.ca\/wp-content\/uploads\/2022\/09\/photoHQ-2021-211-083-rev-3-768x513.jpg)\"><\/div>\n\t\t\t\t<div class=\"elementor-cta__bg-overlay\"><\/div>\n\t\t\t<\/div>\n\t\t\t\t\t\t\t<div class=\"elementor-cta__content\">\n\t\t\t\t\n\t\t\t\t\t\t\t\t\t<h2 class=\"elementor-cta__title elementor-cta__content-item elementor-content-item\">\n\t\t\t\t\t\tParc lin\u00e9aire <br>De Salaberry\t\t\t\t\t<\/h2>\n\t\t\t\t\n\t\t\t\t\t\t\t\t\t<div class=\"elementor-cta__description elementor-cta__content-item elementor-content-item\">\n\t\t\t\t\t\tD\u00e9couvrez cet am\u00e9nagement paysager de grande envergure couvrant l\u2019enti\u00e8ret\u00e9 du corridor hydro\u00e9lectrique situ\u00e9 entre les sous-stations des Sources et Saint-Jean.\t\t\t\t\t<\/div>\n\t\t\t\t\n\t\t\t\t\t\t\t<\/div>\n\t\t\t\t\t\t<\/a>\n\t\t\t\t\t\t<\/div>\n\t\t\t\t<\/div>\n\t\t\t\t<div class=\"elementor-element elementor-element-e5d2bfd elementor-cta--valign-middle elementor-widget__width-initial elementor-cta--layout-image-right elementor-cta--mobile-layout-image-above elementor-widget-tablet__width-initial elementor-cta--skin-classic elementor-animated-content elementor-widget elementor-widget-call-to-action\" data-id=\"e5d2bfd\" data-element_type=\"widget\" data-e-type=\"widget\" data-widget_type=\"call-to-action.default\">\n\t\t\t\t<div class=\"elementor-widget-container\">\n\t\t\t\t\t\t\t<a class=\"elementor-cta\" href=\"https:\/\/ville.ddo.qc.ca\/projets-speciaux\/refonte-du-plan-durbanisme\/\">\n\t\t\t\t\t<div class=\"elementor-cta__bg-wrapper\">\n\t\t\t\t<div class=\"elementor-cta__bg elementor-bg lazyload\" style=\"background-image:inherit;\" role=\"img\" aria-label=\"Design sans titre (29)\" data-bg-image=\"url(https:\/\/ville.ddo.qc.ca\/wp-content\/uploads\/2023\/07\/Design-sans-titre-29.png)\"><\/div>\n\t\t\t\t<div class=\"elementor-cta__bg-overlay\"><\/div>\n\t\t\t<\/div>\n\t\t\t\t\t\t\t<div class=\"elementor-cta__content\">\n\t\t\t\t\n\t\t\t\t\t\t\t\t\t<h2 class=\"elementor-cta__title elementor-cta__content-item elementor-content-item\">\n\t\t\t\t\t\tR\u00e9vision du Plan d'urbanisme\t\t\t\t\t<\/h2>\n\t\t\t\t\n\t\t\t\t\t\t\t\t\t<div class=\"elementor-cta__description elementor-cta__content-item elementor-content-item\">\n\t\t\t\t\t\tLa Ville de Dollard-des-Ormeaux a termin\u00e9 la r\u00e9vision de son Plan d\u2019urbanisme et de ses r\u00e8glements.\t\t\t\t\t<\/div>\n\t\t\t\t\n\t\t\t\t\t\t\t<\/div>\n\t\t\t\t\t\t<\/a>\n\t\t\t\t\t\t<\/div>\n\t\t\t\t<\/div>\n\t\t\t\t\t<\/div>\n\t\t<\/div>\n\t\t\t\t\t<\/div>\n\t\t<\/section>\n\t\t\t\t<\/div>\n\t\t","protected":false},"excerpt":{"rendered":"<p>Dossier Hydro-Qu\u00e9bec Travaux au poste Saint-Jean : un projet majeur pour r\u00e9pondre aux besoins en \u00e9lectricit\u00e9 grandissants de l\u2019ouest de l\u2019\u00eele de Montr\u00e9al. Parc lin\u00e9aire De Salaberry D\u00e9couvrez cet am\u00e9nagement paysager de grande envergure couvrant l\u2019enti\u00e8ret\u00e9 du corridor hydro\u00e9lectrique situ\u00e9 entre les sous-stations des Sources et Saint-Jean. R\u00e9vision du Plan d&#8217;urbanisme La Ville de Dollard-des-Ormeaux [&hellip;]<\/p>\n","protected":false},"author":21,"featured_media":20485,"parent":0,"menu_order":0,"comment_status":"closed","ping_status":"closed","template":"","meta":{"_acf_changed":false,"inline_featured_image":false,"footnotes":""},"class_list":["post-117777","page","type-page","status-publish","has-post-thumbnail","hentry"],"acf":[],"yoast_head":"<!-- This site is optimized with the Yoast SEO plugin v27.3 - https:\/\/yoast.com\/product\/yoast-seo-wordpress\/ -->\n<title>Ville de Dollard-des-Ormeaux<\/title>\n<meta name=\"description\" content=\"Dossier Hydro-Qu\u00e9bec Travaux au poste Saint-Jean : un projet majeur pour r\u00e9pondre aux besoins en \u00e9lectricit\u00e9 grandissants de l\u2019ouest de l\u2019\u00eele de Montr\u00e9al.\" \/>\n<meta name=\"robots\" content=\"index, follow, max-snippet:-1, max-image-preview:large, max-video-preview:-1\" \/>\n<link rel=\"canonical\" href=\"https:\/\/ville.ddo.qc.ca\/en\/projets-speciaux-2\/\" \/>\n<meta property=\"og:locale\" content=\"en_US\" \/>\n<meta property=\"og:type\" content=\"article\" \/>\n<meta property=\"og:title\" content=\"Special projects - Ville de Dollard-des-Ormeaux\" \/>\n<meta property=\"og:description\" content=\"Dossier Hydro-Qu\u00e9bec Travaux au poste Saint-Jean : un projet majeur pour r\u00e9pondre aux besoins en \u00e9lectricit\u00e9 grandissants de l\u2019ouest de l\u2019\u00eele de Montr\u00e9al.\" \/>\n<meta property=\"og:url\" content=\"https:\/\/ville.ddo.qc.ca\/en\/projets-speciaux-2\/\" \/>\n<meta property=\"og:site_name\" content=\"Ville de Dollard-des-Ormeaux\" \/>\n<meta property=\"article:publisher\" content=\"https:\/\/www.facebook.com\/DDOville\" \/>\n<meta property=\"article:modified_time\" content=\"2026-03-18T17:13:37+00:00\" \/>\n<meta property=\"og:image\" content=\"https:\/\/ville.ddo.qc.ca\/wp-content\/uploads\/2020\/11\/team-business-job-working-with-laptop-open-office-meeting-report-progress-scaled.jpg\" \/>\n\t<meta property=\"og:image:width\" content=\"1534\" \/>\n\t<meta property=\"og:image:height\" content=\"1024\" \/>\n\t<meta property=\"og:image:type\" content=\"image\/jpeg\" \/>\n<meta name=\"twitter:card\" content=\"summary_large_image\" \/>\n<meta name=\"twitter:label1\" content=\"Est. reading time\" \/>\n\t<meta name=\"twitter:data1\" content=\"1 minute\" \/>\n<script type=\"application\/ld+json\" class=\"yoast-schema-graph\">{\"@context\":\"https:\\\/\\\/schema.org\",\"@graph\":[{\"@type\":\"WebPage\",\"@id\":\"https:\\\/\\\/ville.ddo.qc.ca\\\/en\\\/projets-speciaux-2\\\/\",\"url\":\"https:\\\/\\\/ville.ddo.qc.ca\\\/en\\\/projets-speciaux-2\\\/\",\"name\":\"Special projects - Ville de Dollard-des-Ormeaux\",\"isPartOf\":{\"@id\":\"https:\\\/\\\/ville.ddo.qc.ca\\\/en\\\/#website\"},\"primaryImageOfPage\":{\"@id\":\"https:\\\/\\\/ville.ddo.qc.ca\\\/en\\\/projets-speciaux-2\\\/#primaryimage\"},\"image\":{\"@id\":\"https:\\\/\\\/ville.ddo.qc.ca\\\/en\\\/projets-speciaux-2\\\/#primaryimage\"},\"thumbnailUrl\":\"https:\\\/\\\/ville.ddo.qc.ca\\\/wp-content\\\/uploads\\\/2020\\\/11\\\/team-business-job-working-with-laptop-open-office-meeting-report-progress-scaled.jpg\",\"datePublished\":\"2026-03-17T19:50:51+00:00\",\"dateModified\":\"2026-03-18T17:13:37+00:00\",\"description\":\"Dossier Hydro-Qu\u00e9bec Travaux au poste Saint-Jean : un projet majeur pour r\u00e9pondre aux besoins en \u00e9lectricit\u00e9 grandissants de l\u2019ouest de l\u2019\u00eele de Montr\u00e9al.\",\"breadcrumb\":{\"@id\":\"https:\\\/\\\/ville.ddo.qc.ca\\\/en\\\/projets-speciaux-2\\\/#breadcrumb\"},\"inLanguage\":\"en-CA\",\"potentialAction\":[{\"@type\":\"ReadAction\",\"target\":[\"https:\\\/\\\/ville.ddo.qc.ca\\\/en\\\/projets-speciaux-2\\\/\"]}]},{\"@type\":\"ImageObject\",\"inLanguage\":\"en-CA\",\"@id\":\"https:\\\/\\\/ville.ddo.qc.ca\\\/en\\\/projets-speciaux-2\\\/#primaryimage\",\"url\":\"https:\\\/\\\/ville.ddo.qc.ca\\\/wp-content\\\/uploads\\\/2020\\\/11\\\/team-business-job-working-with-laptop-open-office-meeting-report-progress-scaled.jpg\",\"contentUrl\":\"https:\\\/\\\/ville.ddo.qc.ca\\\/wp-content\\\/uploads\\\/2020\\\/11\\\/team-business-job-working-with-laptop-open-office-meeting-report-progress-scaled.jpg\",\"width\":1534,\"height\":1024,\"caption\":\"Team businessmans job . working with laptop in open space office. Meeting report in progress\"},{\"@type\":\"BreadcrumbList\",\"@id\":\"https:\\\/\\\/ville.ddo.qc.ca\\\/en\\\/projets-speciaux-2\\\/#breadcrumb\",\"itemListElement\":[{\"@type\":\"ListItem\",\"position\":1,\"name\":\"Home\",\"item\":\"https:\\\/\\\/ville.ddo.qc.ca\\\/en\\\/\"},{\"@type\":\"ListItem\",\"position\":2,\"name\":\"Special projects\"}]},{\"@type\":\"WebSite\",\"@id\":\"https:\\\/\\\/ville.ddo.qc.ca\\\/en\\\/#website\",\"url\":\"https:\\\/\\\/ville.ddo.qc.ca\\\/en\\\/\",\"name\":\"Ville de Dollard-des-Ormeaux\",\"description\":\"\",\"publisher\":{\"@id\":\"https:\\\/\\\/ville.ddo.qc.ca\\\/en\\\/#organization\"},\"potentialAction\":[{\"@type\":\"SearchAction\",\"target\":{\"@type\":\"EntryPoint\",\"urlTemplate\":\"https:\\\/\\\/ville.ddo.qc.ca\\\/en\\\/?s={search_term_string}\"},\"query-input\":{\"@type\":\"PropertyValueSpecification\",\"valueRequired\":true,\"valueName\":\"search_term_string\"}}],\"inLanguage\":\"en-CA\"},{\"@type\":\"Organization\",\"@id\":\"https:\\\/\\\/ville.ddo.qc.ca\\\/en\\\/#organization\",\"name\":\"Dollard-des-Ormeaux\",\"url\":\"https:\\\/\\\/ville.ddo.qc.ca\\\/en\\\/\",\"logo\":{\"@type\":\"ImageObject\",\"inLanguage\":\"en-CA\",\"@id\":\"https:\\\/\\\/ville.ddo.qc.ca\\\/en\\\/#\\\/schema\\\/logo\\\/image\\\/\",\"url\":\"https:\\\/\\\/ville.ddo.qc.ca\\\/wp-content\\\/uploads\\\/2021\\\/03\\\/Logo-DDO-bleu3-02-02-1.svg\",\"contentUrl\":\"https:\\\/\\\/ville.ddo.qc.ca\\\/wp-content\\\/uploads\\\/2021\\\/03\\\/Logo-DDO-bleu3-02-02-1.svg\",\"width\":228,\"height\":95,\"caption\":\"Dollard-des-Ormeaux\"},\"image\":{\"@id\":\"https:\\\/\\\/ville.ddo.qc.ca\\\/en\\\/#\\\/schema\\\/logo\\\/image\\\/\"},\"sameAs\":[\"https:\\\/\\\/www.facebook.com\\\/DDOville\"]}]}<\/script>\n<!-- \/ Yoast SEO plugin. -->","yoast_head_json":{"title":"Ville de Dollard-des-Ormeaux","description":"Dossier Hydro-Qu\u00e9bec Travaux au poste Saint-Jean : un projet majeur pour r\u00e9pondre aux besoins en \u00e9lectricit\u00e9 grandissants de l\u2019ouest de l\u2019\u00eele de Montr\u00e9al.","robots":{"index":"index","follow":"follow","max-snippet":"max-snippet:-1","max-image-preview":"max-image-preview:large","max-video-preview":"max-video-preview:-1"},"canonical":"https:\/\/ville.ddo.qc.ca\/en\/projets-speciaux-2\/","og_locale":"en_US","og_type":"article","og_title":"Special projects - Ville de Dollard-des-Ormeaux","og_description":"Dossier Hydro-Qu\u00e9bec Travaux au poste Saint-Jean : un projet majeur pour r\u00e9pondre aux besoins en \u00e9lectricit\u00e9 grandissants de l\u2019ouest de l\u2019\u00eele de Montr\u00e9al.","og_url":"https:\/\/ville.ddo.qc.ca\/en\/projets-speciaux-2\/","og_site_name":"Ville de Dollard-des-Ormeaux","article_publisher":"https:\/\/www.facebook.com\/DDOville","article_modified_time":"2026-03-18T17:13:37+00:00","og_image":[{"width":1534,"height":1024,"url":"https:\/\/ville.ddo.qc.ca\/wp-content\/uploads\/2020\/11\/team-business-job-working-with-laptop-open-office-meeting-report-progress-scaled.jpg","type":"image\/jpeg"}],"twitter_card":"summary_large_image","twitter_misc":{"Est. reading time":"1 minute"},"schema":{"@context":"https:\/\/schema.org","@graph":[{"@type":"WebPage","@id":"https:\/\/ville.ddo.qc.ca\/en\/projets-speciaux-2\/","url":"https:\/\/ville.ddo.qc.ca\/en\/projets-speciaux-2\/","name":"Special projects - Ville de Dollard-des-Ormeaux","isPartOf":{"@id":"https:\/\/ville.ddo.qc.ca\/en\/#website"},"primaryImageOfPage":{"@id":"https:\/\/ville.ddo.qc.ca\/en\/projets-speciaux-2\/#primaryimage"},"image":{"@id":"https:\/\/ville.ddo.qc.ca\/en\/projets-speciaux-2\/#primaryimage"},"thumbnailUrl":"https:\/\/ville.ddo.qc.ca\/wp-content\/uploads\/2020\/11\/team-business-job-working-with-laptop-open-office-meeting-report-progress-scaled.jpg","datePublished":"2026-03-17T19:50:51+00:00","dateModified":"2026-03-18T17:13:37+00:00","description":"Dossier Hydro-Qu\u00e9bec Travaux au poste Saint-Jean : un projet majeur pour r\u00e9pondre aux besoins en \u00e9lectricit\u00e9 grandissants de l\u2019ouest de l\u2019\u00eele de Montr\u00e9al.","breadcrumb":{"@id":"https:\/\/ville.ddo.qc.ca\/en\/projets-speciaux-2\/#breadcrumb"},"inLanguage":"en-CA","potentialAction":[{"@type":"ReadAction","target":["https:\/\/ville.ddo.qc.ca\/en\/projets-speciaux-2\/"]}]},{"@type":"ImageObject","inLanguage":"en-CA","@id":"https:\/\/ville.ddo.qc.ca\/en\/projets-speciaux-2\/#primaryimage","url":"https:\/\/ville.ddo.qc.ca\/wp-content\/uploads\/2020\/11\/team-business-job-working-with-laptop-open-office-meeting-report-progress-scaled.jpg","contentUrl":"https:\/\/ville.ddo.qc.ca\/wp-content\/uploads\/2020\/11\/team-business-job-working-with-laptop-open-office-meeting-report-progress-scaled.jpg","width":1534,"height":1024,"caption":"Team businessmans job . working with laptop in open space office. Meeting report in progress"},{"@type":"BreadcrumbList","@id":"https:\/\/ville.ddo.qc.ca\/en\/projets-speciaux-2\/#breadcrumb","itemListElement":[{"@type":"ListItem","position":1,"name":"Home","item":"https:\/\/ville.ddo.qc.ca\/en\/"},{"@type":"ListItem","position":2,"name":"Special projects"}]},{"@type":"WebSite","@id":"https:\/\/ville.ddo.qc.ca\/en\/#website","url":"https:\/\/ville.ddo.qc.ca\/en\/","name":"Ville de Dollard-des-Ormeaux","description":"","publisher":{"@id":"https:\/\/ville.ddo.qc.ca\/en\/#organization"},"potentialAction":[{"@type":"SearchAction","target":{"@type":"EntryPoint","urlTemplate":"https:\/\/ville.ddo.qc.ca\/en\/?s={search_term_string}"},"query-input":{"@type":"PropertyValueSpecification","valueRequired":true,"valueName":"search_term_string"}}],"inLanguage":"en-CA"},{"@type":"Organization","@id":"https:\/\/ville.ddo.qc.ca\/en\/#organization","name":"Dollard-des-Ormeaux","url":"https:\/\/ville.ddo.qc.ca\/en\/","logo":{"@type":"ImageObject","inLanguage":"en-CA","@id":"https:\/\/ville.ddo.qc.ca\/en\/#\/schema\/logo\/image\/","url":"https:\/\/ville.ddo.qc.ca\/wp-content\/uploads\/2021\/03\/Logo-DDO-bleu3-02-02-1.svg","contentUrl":"https:\/\/ville.ddo.qc.ca\/wp-content\/uploads\/2021\/03\/Logo-DDO-bleu3-02-02-1.svg","width":228,"height":95,"caption":"Dollard-des-Ormeaux"},"image":{"@id":"https:\/\/ville.ddo.qc.ca\/en\/#\/schema\/logo\/image\/"},"sameAs":["https:\/\/www.facebook.com\/DDOville"]}]}},"publishpress_future_action":{"enabled":false,"date":"2026-04-12 07:14:31","action":"change-status","newStatus":"draft","terms":[],"taxonomy":"translation_priority","extraData":[]},"publishpress_future_workflow_manual_trigger":{"enabledWorkflows":[]},"_links":{"self":[{"href":"https:\/\/ville.ddo.qc.ca\/en\/wp-json\/wp\/v2\/pages\/117777","targetHints":{"allow":["GET"]}}],"collection":[{"href":"https:\/\/ville.ddo.qc.ca\/en\/wp-json\/wp\/v2\/pages"}],"about":[{"href":"https:\/\/ville.ddo.qc.ca\/en\/wp-json\/wp\/v2\/types\/page"}],"author":[{"embeddable":true,"href":"https:\/\/ville.ddo.qc.ca\/en\/wp-json\/wp\/v2\/users\/21"}],"replies":[{"embeddable":true,"href":"https:\/\/ville.ddo.qc.ca\/en\/wp-json\/wp\/v2\/comments?post=117777"}],"version-history":[{"count":0,"href":"https:\/\/ville.ddo.qc.ca\/en\/wp-json\/wp\/v2\/pages\/117777\/revisions"}],"wp:featuredmedia":[{"embeddable":true,"href":"https:\/\/ville.ddo.qc.ca\/en\/wp-json\/wp\/v2\/media\/20485"}],"wp:attachment":[{"href":"https:\/\/ville.ddo.qc.ca\/en\/wp-json\/wp\/v2\/media?parent=117777"}],"curies":[{"name":"wp","href":"https:\/\/api.w.org\/{rel}","templated":true}]}}