{"id":17058,"date":"2020-07-22T15:24:12","date_gmt":"2020-07-22T15:24:12","guid":{"rendered":"https:\/\/ville.ddo.qc.ca\/?page_id=17058"},"modified":"2025-04-11T11:53:15","modified_gmt":"2025-04-11T15:53:15","slug":"garage-sales","status":"publish","type":"page","link":"https:\/\/ville.ddo.qc.ca\/en\/online-services\/garage-sales\/","title":{"rendered":"Garage sales"},"content":{"rendered":"\t\t<div data-elementor-type=\"wp-page\" data-elementor-id=\"17058\" class=\"elementor elementor-17058 elementor-909\" data-elementor-post-type=\"page\">\n\t\t\t\t\t\t<section class=\"elementor-section elementor-top-section elementor-element elementor-element-5e95ae2 elementor-section-boxed elementor-section-height-default elementor-section-height-default\" data-id=\"5e95ae2\" data-element_type=\"section\" data-e-type=\"section\">\n\t\t\t\t\t\t<div class=\"elementor-container elementor-column-gap-default\">\n\t\t\t\t\t<div class=\"elementor-column elementor-col-100 elementor-top-column elementor-element elementor-element-84e5b85\" data-id=\"84e5b85\" data-element_type=\"column\" data-e-type=\"column\">\n\t\t\t<div class=\"elementor-widget-wrap elementor-element-populated\">\n\t\t\t\t\t\t<div class=\"elementor-element elementor-element-3be5805 elementor-widget elementor-widget-heading\" data-id=\"3be5805\" data-element_type=\"widget\" data-e-type=\"widget\" data-widget_type=\"heading.default\">\n\t\t\t\t<div class=\"elementor-widget-container\">\n\t\t\t\t\t<h2 class=\"elementor-heading-title elementor-size-default\">General principle<\/h2>\t\t\t\t<\/div>\n\t\t\t\t<\/div>\n\t\t\t\t<div class=\"elementor-element elementor-element-5b93749 elementor-widget elementor-widget-text-editor\" data-id=\"5b93749\" data-element_type=\"widget\" data-e-type=\"widget\" data-widget_type=\"text-editor.default\">\n\t\t\t\t<div class=\"elementor-widget-container\">\n\t\t\t\t\t\t\t\t\t<p>Les ventes de garage (ventes-d\u00e9barras) sont permises dans les zones r\u00e9sidentielles identifi\u00e9es comme telles par le r\u00e8glement de zonage de la Ville, mais doivent remplir certaines conditions.<\/p>\t\t\t\t\t\t\t\t<\/div>\n\t\t\t\t<\/div>\n\t\t\t\t<div class=\"elementor-element elementor-element-86f1b4e elementor-widget elementor-widget-heading\" data-id=\"86f1b4e\" data-element_type=\"widget\" data-e-type=\"widget\" data-widget_type=\"heading.default\">\n\t\t\t\t<div class=\"elementor-widget-container\">\n\t\t\t\t\t<h2 class=\"elementor-heading-title elementor-size-default\">Conditions<\/h2>\t\t\t\t<\/div>\n\t\t\t\t<\/div>\n\t\t\t\t<div class=\"elementor-element elementor-element-344805e elementor-align-start elementor-icon-list--layout-traditional elementor-list-item-link-full_width elementor-widget elementor-widget-icon-list\" data-id=\"344805e\" data-element_type=\"widget\" data-e-type=\"widget\" data-widget_type=\"icon-list.default\">\n\t\t\t\t<div class=\"elementor-widget-container\">\n\t\t\t\t\t\t\t<ul class=\"elementor-icon-list-items\">\n\t\t\t\t\t\t\t<li class=\"elementor-icon-list-item\">\n\t\t\t\t\t\t\t\t\t\t\t<span class=\"elementor-icon-list-icon\">\n\t\t\t\t\t\t\t<i aria-hidden=\"true\" class=\"fas fa-long-arrow-alt-right\"><\/i>\t\t\t\t\t\t<\/span>\n\t\t\t\t\t\t\t\t\t\t<span class=\"elementor-icon-list-text\">No one can hold a garage sale without having a valid permit issued by the City. The permit is available at no cost at the following link:<\/span>\n\t\t\t\t\t\t\t\t\t<\/li>\n\t\t\t\t\t\t\t\t<li class=\"elementor-icon-list-item\">\n\t\t\t\t\t\t\t\t\t\t\t<a href=\"https:\/\/ville.ddo.qc.ca\/en\/online-services\/permits-and-authorizations\/online-permits\/\" target=\"_blank\">\n\n\t\t\t\t\t\t\t\t\t\t\t\t<span class=\"elementor-icon-list-icon\">\n\t\t\t\t\t\t\t<i aria-hidden=\"true\" class=\"fas fa-link\"><\/i>\t\t\t\t\t\t<\/span>\n\t\t\t\t\t\t\t\t\t\t<span class=\"elementor-icon-list-text\">Online permits<\/span>\n\t\t\t\t\t\t\t\t\t\t\t<\/a>\n\t\t\t\t\t\t\t\t\t<\/li>\n\t\t\t\t\t\t\t\t<li class=\"elementor-icon-list-item\">\n\t\t\t\t\t\t\t\t\t\t\t<span class=\"elementor-icon-list-icon\">\n\t\t\t\t\t\t\t<i aria-hidden=\"true\" class=\"fas fa-long-arrow-alt-right\"><\/i>\t\t\t\t\t\t<\/span>\n\t\t\t\t\t\t\t\t\t\t<span class=\"elementor-icon-list-text\">The permit is obtained by completing and signing a form provided by the City with the following information: applicant's name, surname, address and telephone number as well as the date of the sale;<\/span>\n\t\t\t\t\t\t\t\t\t<\/li>\n\t\t\t\t\t\t\t\t<li class=\"elementor-icon-list-item\">\n\t\t\t\t\t\t\t\t\t\t\t<span class=\"elementor-icon-list-icon\">\n\t\t\t\t\t\t\t<i aria-hidden=\"true\" class=\"fas fa-long-arrow-alt-right\"><\/i>\t\t\t\t\t\t<\/span>\n\t\t\t\t\t\t\t\t\t\t<span class=\"elementor-icon-list-text\">Garage sales may only sell used items, items acquired for domestic use by the occupants where they are being sold, the quantity not exceeding the normal needs of the occupants;<\/span>\n\t\t\t\t\t\t\t\t\t<\/li>\n\t\t\t\t\t\t\t\t<li class=\"elementor-icon-list-item\">\n\t\t\t\t\t\t\t\t\t\t\t<span class=\"elementor-icon-list-icon\">\n\t\t\t\t\t\t\t<i aria-hidden=\"true\" class=\"fas fa-long-arrow-alt-right\"><\/i>\t\t\t\t\t\t<\/span>\n\t\t\t\t\t\t\t\t\t\t<span class=\"elementor-icon-list-text\">Only one sale is permitted annually for the same property;<\/span>\n\t\t\t\t\t\t\t\t\t<\/li>\n\t\t\t\t\t\t\t\t<li class=\"elementor-icon-list-item\">\n\t\t\t\t\t\t\t\t\t\t\t<span class=\"elementor-icon-list-icon\">\n\t\t\t\t\t\t\t<i aria-hidden=\"true\" class=\"fas fa-long-arrow-alt-right\"><\/i>\t\t\t\t\t\t<\/span>\n\t\t\t\t\t\t\t\t\t\t<span class=\"elementor-icon-list-text\">A garage sale can only be held for one or two consecutive days;<\/span>\n\t\t\t\t\t\t\t\t\t<\/li>\n\t\t\t\t\t\t\t\t<li class=\"elementor-icon-list-item\">\n\t\t\t\t\t\t\t\t\t\t\t<span class=\"elementor-icon-list-icon\">\n\t\t\t\t\t\t\t<i aria-hidden=\"true\" class=\"fas fa-long-arrow-alt-right\"><\/i>\t\t\t\t\t\t<\/span>\n\t\t\t\t\t\t\t\t\t\t<span class=\"elementor-icon-list-text\">All garage sales must be held between 9 a.m. and 6 p.m. ;<\/span>\n\t\t\t\t\t\t\t\t\t<\/li>\n\t\t\t\t\t\t\t\t<li class=\"elementor-icon-list-item\">\n\t\t\t\t\t\t\t\t\t\t\t<span class=\"elementor-icon-list-icon\">\n\t\t\t\t\t\t\t<i aria-hidden=\"true\" class=\"fas fa-long-arrow-alt-right\"><\/i>\t\t\t\t\t\t<\/span>\n\t\t\t\t\t\t\t\t\t\t<span class=\"elementor-icon-list-text\">Only signs provided by the City are allowed to be posted in the City to advertise the sale;<\/span>\n\t\t\t\t\t\t\t\t\t<\/li>\n\t\t\t\t\t\t\t\t<li class=\"elementor-icon-list-item\">\n\t\t\t\t\t\t\t\t\t\t\t<span class=\"elementor-icon-list-icon\">\n\t\t\t\t\t\t\t<i aria-hidden=\"true\" class=\"fas fa-long-arrow-alt-right\"><\/i>\t\t\t\t\t\t<\/span>\n\t\t\t\t\t\t\t\t\t\t<span class=\"elementor-icon-list-text\">These signs are issued at the same time as the permit and are limited to four per address;<\/span>\n\t\t\t\t\t\t\t\t\t<\/li>\n\t\t\t\t\t\t\t\t<li class=\"elementor-icon-list-item\">\n\t\t\t\t\t\t\t\t\t\t\t<span class=\"elementor-icon-list-icon\">\n\t\t\t\t\t\t\t<i aria-hidden=\"true\" class=\"fas fa-long-arrow-alt-right\"><\/i>\t\t\t\t\t\t<\/span>\n\t\t\t\t\t\t\t\t\t\t<span class=\"elementor-icon-list-text\">Signs may be installed 48 hours prior to the sale;<\/span>\n\t\t\t\t\t\t\t\t\t<\/li>\n\t\t\t\t\t\t\t\t<li class=\"elementor-icon-list-item\">\n\t\t\t\t\t\t\t\t\t\t\t<span class=\"elementor-icon-list-icon\">\n\t\t\t\t\t\t\t<i aria-hidden=\"true\" class=\"fas fa-long-arrow-alt-right\"><\/i>\t\t\t\t\t\t<\/span>\n\t\t\t\t\t\t\t\t\t\t<span class=\"elementor-icon-list-text\">All signs must be removed immediately following the end of the sale under risk of a penalty.<\/span>\n\t\t\t\t\t\t\t\t\t<\/li>\n\t\t\t\t\t\t\t\t<li class=\"elementor-icon-list-item\">\n\t\t\t\t\t\t\t\t\t\t\t<span class=\"elementor-icon-list-icon\">\n\t\t\t\t\t\t\t<i aria-hidden=\"true\" class=\"fas fa-long-arrow-alt-right\"><\/i>\t\t\t\t\t\t<\/span>\n\t\t\t\t\t\t\t\t\t\t<span class=\"elementor-icon-list-text\">The applicant may ask for a change of date if the sale was cancelled due to bad weather. This must be done by calling the Patrol before 9 a.m. on the day of the sale.<\/span>\n\t\t\t\t\t\t\t\t\t<\/li>\n\t\t\t\t\t\t<\/ul>\n\t\t\t\t\t\t<\/div>\n\t\t\t\t<\/div>\n\t\t\t\t<div class=\"elementor-element elementor-element-ee05cf3 elementor-widget elementor-widget-text-editor\" data-id=\"ee05cf3\" data-element_type=\"widget\" data-e-type=\"widget\" data-widget_type=\"text-editor.default\">\n\t\t\t\t<div class=\"elementor-widget-container\">\n\t\t\t\t\t\t\t\t\t<p><strong>Anyone found contravening bylaw n\u00ba R-2006-024 concerning garage sales may be fined for an amount between $100 and $200.<\/strong><\/p>\t\t\t\t\t\t\t\t<\/div>\n\t\t\t\t<\/div>\n\t\t\t\t<div class=\"elementor-element elementor-element-0f4e31c elementor-widget elementor-widget-heading\" data-id=\"0f4e31c\" data-element_type=\"widget\" data-e-type=\"widget\" data-widget_type=\"heading.default\">\n\t\t\t\t<div class=\"elementor-widget-container\">\n\t\t\t\t\t<h2 class=\"elementor-heading-title elementor-size-default\">Departments concerned<\/h2>\t\t\t\t<\/div>\n\t\t\t\t<\/div>\n\t\t\t\t<div class=\"elementor-element elementor-element-bd380f9 elementor-widget elementor-widget-text-editor\" data-id=\"bd380f9\" data-element_type=\"widget\" data-e-type=\"widget\" data-widget_type=\"text-editor.default\">\n\t\t\t\t<div class=\"elementor-widget-container\">\n\t\t\t\t\t\t\t\t\t<p>Municipal Patrol, 514 684-6111<\/p>\t\t\t\t\t\t\t\t<\/div>\n\t\t\t\t<\/div>\n\t\t\t\t<div class=\"elementor-element elementor-element-0d5230d elementor-widget elementor-widget-heading\" data-id=\"0d5230d\" data-element_type=\"widget\" data-e-type=\"widget\" data-widget_type=\"heading.default\">\n\t\t\t\t<div class=\"elementor-widget-container\">\n\t\t\t\t\t<h2 class=\"elementor-heading-title elementor-size-default\">Municipal by-laws<\/h2>\t\t\t\t<\/div>\n\t\t\t\t<\/div>\n\t\t\t\t<div class=\"elementor-element elementor-element-7278d56 elementor-widget elementor-widget-text-editor\" data-id=\"7278d56\" data-element_type=\"widget\" data-e-type=\"widget\" data-widget_type=\"text-editor.default\">\n\t\t\t\t<div class=\"elementor-widget-container\">\n\t\t\t\t\t\t\t\t\t<p>These guidelines are for information only and hold no legal value. The official text written in the bylaw takes precedence.<\/p>\t\t\t\t\t\t\t\t<\/div>\n\t\t\t\t<\/div>\n\t\t\t\t<div class=\"elementor-element elementor-element-7c82114 elementor-align-start elementor-icon-list--layout-traditional elementor-list-item-link-full_width elementor-widget elementor-widget-icon-list\" data-id=\"7c82114\" data-element_type=\"widget\" data-e-type=\"widget\" data-widget_type=\"icon-list.default\">\n\t\t\t\t<div class=\"elementor-widget-container\">\n\t\t\t\t\t\t\t<ul class=\"elementor-icon-list-items\">\n\t\t\t\t\t\t\t<li class=\"elementor-icon-list-item\">\n\t\t\t\t\t\t\t\t\t\t\t<a href=\"https:\/\/ville.ddo.qc.ca\/wp-content\/uploads\/2020\/10\/Ventes_garage_R-2006-024.pdf\" target=\"_blank\">\n\n\t\t\t\t\t\t\t\t\t\t\t\t<span class=\"elementor-icon-list-icon\">\n\t\t\t\t\t\t\t<i aria-hidden=\"true\" class=\"fas fa-file-download\"><\/i>\t\t\t\t\t\t<\/span>\n\t\t\t\t\t\t\t\t\t\t<span class=\"elementor-icon-list-text\">Download the By-law n\u00ba R-2006-024<\/span>\n\t\t\t\t\t\t\t\t\t\t\t<\/a>\n\t\t\t\t\t\t\t\t\t<\/li>\n\t\t\t\t\t\t<\/ul>\n\t\t\t\t\t\t<\/div>\n\t\t\t\t<\/div>\n\t\t\t\t<div class=\"elementor-element elementor-element-e2cf973 elementor-align-left elementor-widget elementor-widget-button\" data-id=\"e2cf973\" data-element_type=\"widget\" data-e-type=\"widget\" data-widget_type=\"button.default\">\n\t\t\t\t<div class=\"elementor-widget-container\">\n\t\t\t\t\t\t\t\t\t<div class=\"elementor-button-wrapper\">\n\t\t\t\t\t<a class=\"elementor-button elementor-button-link elementor-size-sm\" href=\"https:\/\/dollard-des-ormeaux.edemandes.com\/en\/create\/PC\/119\" target=\"_blank\">\n\t\t\t\t\t\t<span class=\"elementor-button-content-wrapper\">\n\t\t\t\t\t\t\t\t\t<span class=\"elementor-button-text\">Online permit<\/span>\n\t\t\t\t\t<\/span>\n\t\t\t\t\t<\/a>\n\t\t\t\t<\/div>\n\t\t\t\t\t\t\t\t<\/div>\n\t\t\t\t<\/div>\n\t\t\t\t\t<\/div>\n\t\t<\/div>\n\t\t\t\t\t<\/div>\n\t\t<\/section>\n\t\t\t\t<\/div>\n\t\t","protected":false},"excerpt":{"rendered":"<p>General principle Les ventes de garage (ventes-d\u00e9barras) sont permises dans les zones r\u00e9sidentielles identifi\u00e9es comme telles par le r\u00e8glement de zonage de la Ville, mais doivent remplir certaines conditions. Conditions No one can hold a garage sale without having a valid permit issued by the City. The permit is available at no cost at the [&hellip;]<\/p>\n","protected":false},"author":1,"featured_media":23908,"parent":17254,"menu_order":0,"comment_status":"closed","ping_status":"closed","template":"","meta":{"_acf_changed":false,"inline_featured_image":false,"footnotes":""},"class_list":["post-17058","page","type-page","status-publish","has-post-thumbnail","hentry"],"acf":[],"yoast_head":"<!-- This site is optimized with the Yoast SEO plugin v27.4 - https:\/\/yoast.com\/product\/yoast-seo-wordpress\/ -->\n<title>Ville de Dollard-des-Ormeaux<\/title>\n<meta name=\"description\" content=\"General principle Les ventes de garage (ventes-d\u00e9barras) sont permises dans les zones r\u00e9sidentielles identifi\u00e9es comme telles par le r\u00e8glement de zonage\" \/>\n<meta name=\"robots\" content=\"index, follow, max-snippet:-1, max-image-preview:large, max-video-preview:-1\" \/>\n<link rel=\"canonical\" href=\"https:\/\/ville.ddo.qc.ca\/services-en-ligne\/vente-de-garage\/\" \/>\n<meta property=\"og:locale\" content=\"en_US\" \/>\n<meta property=\"og:type\" content=\"article\" \/>\n<meta property=\"og:title\" content=\"Garage sales - Ville de Dollard-des-Ormeaux\" \/>\n<meta property=\"og:description\" content=\"General principle Les ventes de garage (ventes-d\u00e9barras) sont permises dans les zones r\u00e9sidentielles identifi\u00e9es comme telles par le r\u00e8glement de zonage\" \/>\n<meta property=\"og:url\" content=\"https:\/\/ville.ddo.qc.ca\/services-en-ligne\/vente-de-garage\/\" \/>\n<meta property=\"og:site_name\" content=\"Ville de Dollard-des-Ormeaux\" \/>\n<meta property=\"article:publisher\" content=\"https:\/\/www.facebook.com\/DDOville\" \/>\n<meta property=\"article:modified_time\" content=\"2025-04-11T15:53:15+00:00\" \/>\n<meta property=\"og:image\" content=\"https:\/\/ville.ddo.qc.ca\/wp-content\/uploads\/2021\/02\/people-choosing-goods-at-yard-sale-scaled.jpg\" \/>\n\t<meta property=\"og:image:width\" content=\"1536\" \/>\n\t<meta property=\"og:image:height\" content=\"1024\" \/>\n\t<meta property=\"og:image:type\" content=\"image\/jpeg\" \/>\n<meta name=\"twitter:card\" content=\"summary_large_image\" \/>\n<meta name=\"twitter:label1\" content=\"Est. reading time\" \/>\n\t<meta name=\"twitter:data1\" content=\"2 minutes\" \/>\n<script type=\"application\/ld+json\" class=\"yoast-schema-graph\">{\"@context\":\"https:\\\/\\\/schema.org\",\"@graph\":[{\"@type\":\"WebPage\",\"@id\":\"https:\\\/\\\/ville.ddo.qc.ca\\\/services-en-ligne\\\/vente-de-garage\\\/\",\"url\":\"https:\\\/\\\/ville.ddo.qc.ca\\\/services-en-ligne\\\/vente-de-garage\\\/\",\"name\":\"Garage sales - Ville de Dollard-des-Ormeaux\",\"isPartOf\":{\"@id\":\"https:\\\/\\\/ville.ddo.qc.ca\\\/en\\\/#website\"},\"primaryImageOfPage\":{\"@id\":\"https:\\\/\\\/ville.ddo.qc.ca\\\/services-en-ligne\\\/vente-de-garage\\\/#primaryimage\"},\"image\":{\"@id\":\"https:\\\/\\\/ville.ddo.qc.ca\\\/services-en-ligne\\\/vente-de-garage\\\/#primaryimage\"},\"thumbnailUrl\":\"https:\\\/\\\/ville.ddo.qc.ca\\\/wp-content\\\/uploads\\\/2021\\\/02\\\/people-choosing-goods-at-yard-sale-scaled.jpg\",\"datePublished\":\"2020-07-22T15:24:12+00:00\",\"dateModified\":\"2025-04-11T15:53:15+00:00\",\"description\":\"General principle Les ventes de garage (ventes-d\u00e9barras) sont permises dans les zones r\u00e9sidentielles identifi\u00e9es comme telles par le r\u00e8glement de zonage\",\"breadcrumb\":{\"@id\":\"https:\\\/\\\/ville.ddo.qc.ca\\\/services-en-ligne\\\/vente-de-garage\\\/#breadcrumb\"},\"inLanguage\":\"en-CA\",\"potentialAction\":[{\"@type\":\"ReadAction\",\"target\":[\"https:\\\/\\\/ville.ddo.qc.ca\\\/services-en-ligne\\\/vente-de-garage\\\/\"]}]},{\"@type\":\"ImageObject\",\"inLanguage\":\"en-CA\",\"@id\":\"https:\\\/\\\/ville.ddo.qc.ca\\\/services-en-ligne\\\/vente-de-garage\\\/#primaryimage\",\"url\":\"https:\\\/\\\/ville.ddo.qc.ca\\\/wp-content\\\/uploads\\\/2021\\\/02\\\/people-choosing-goods-at-yard-sale-scaled.jpg\",\"contentUrl\":\"https:\\\/\\\/ville.ddo.qc.ca\\\/wp-content\\\/uploads\\\/2021\\\/02\\\/people-choosing-goods-at-yard-sale-scaled.jpg\",\"width\":1536,\"height\":1024,\"caption\":\"Group of people including adolescent girl choosing various goods at yard sale\"},{\"@type\":\"BreadcrumbList\",\"@id\":\"https:\\\/\\\/ville.ddo.qc.ca\\\/services-en-ligne\\\/vente-de-garage\\\/#breadcrumb\",\"itemListElement\":[{\"@type\":\"ListItem\",\"position\":1,\"name\":\"Home\",\"item\":\"https:\\\/\\\/ville.ddo.qc.ca\\\/\"},{\"@type\":\"ListItem\",\"position\":2,\"name\":\"Online services\",\"item\":\"https:\\\/\\\/ville.ddo.qc.ca\\\/services-en-ligne\\\/\"},{\"@type\":\"ListItem\",\"position\":3,\"name\":\"Garage sales\"}]},{\"@type\":\"WebSite\",\"@id\":\"https:\\\/\\\/ville.ddo.qc.ca\\\/en\\\/#website\",\"url\":\"https:\\\/\\\/ville.ddo.qc.ca\\\/en\\\/\",\"name\":\"Ville de Dollard-des-Ormeaux\",\"description\":\"\",\"publisher\":{\"@id\":\"https:\\\/\\\/ville.ddo.qc.ca\\\/en\\\/#organization\"},\"potentialAction\":[{\"@type\":\"SearchAction\",\"target\":{\"@type\":\"EntryPoint\",\"urlTemplate\":\"https:\\\/\\\/ville.ddo.qc.ca\\\/en\\\/?s={search_term_string}\"},\"query-input\":{\"@type\":\"PropertyValueSpecification\",\"valueRequired\":true,\"valueName\":\"search_term_string\"}}],\"inLanguage\":\"en-CA\"},{\"@type\":\"Organization\",\"@id\":\"https:\\\/\\\/ville.ddo.qc.ca\\\/en\\\/#organization\",\"name\":\"Dollard-des-Ormeaux\",\"url\":\"https:\\\/\\\/ville.ddo.qc.ca\\\/en\\\/\",\"logo\":{\"@type\":\"ImageObject\",\"inLanguage\":\"en-CA\",\"@id\":\"https:\\\/\\\/ville.ddo.qc.ca\\\/en\\\/#\\\/schema\\\/logo\\\/image\\\/\",\"url\":\"https:\\\/\\\/ville.ddo.qc.ca\\\/wp-content\\\/uploads\\\/2021\\\/03\\\/Logo-DDO-bleu3-02-02-1.svg\",\"contentUrl\":\"https:\\\/\\\/ville.ddo.qc.ca\\\/wp-content\\\/uploads\\\/2021\\\/03\\\/Logo-DDO-bleu3-02-02-1.svg\",\"width\":228,\"height\":95,\"caption\":\"Dollard-des-Ormeaux\"},\"image\":{\"@id\":\"https:\\\/\\\/ville.ddo.qc.ca\\\/en\\\/#\\\/schema\\\/logo\\\/image\\\/\"},\"sameAs\":[\"https:\\\/\\\/www.facebook.com\\\/DDOville\"]}]}<\/script>\n<!-- \/ Yoast SEO plugin. -->","yoast_head_json":{"title":"Ville de Dollard-des-Ormeaux","description":"General principle Les ventes de garage (ventes-d\u00e9barras) sont permises dans les zones r\u00e9sidentielles identifi\u00e9es comme telles par le r\u00e8glement de zonage","robots":{"index":"index","follow":"follow","max-snippet":"max-snippet:-1","max-image-preview":"max-image-preview:large","max-video-preview":"max-video-preview:-1"},"canonical":"https:\/\/ville.ddo.qc.ca\/services-en-ligne\/vente-de-garage\/","og_locale":"en_US","og_type":"article","og_title":"Garage sales - Ville de Dollard-des-Ormeaux","og_description":"General principle Les ventes de garage (ventes-d\u00e9barras) sont permises dans les zones r\u00e9sidentielles identifi\u00e9es comme telles par le r\u00e8glement de zonage","og_url":"https:\/\/ville.ddo.qc.ca\/services-en-ligne\/vente-de-garage\/","og_site_name":"Ville de Dollard-des-Ormeaux","article_publisher":"https:\/\/www.facebook.com\/DDOville","article_modified_time":"2025-04-11T15:53:15+00:00","og_image":[{"width":1536,"height":1024,"url":"https:\/\/ville.ddo.qc.ca\/wp-content\/uploads\/2021\/02\/people-choosing-goods-at-yard-sale-scaled.jpg","type":"image\/jpeg"}],"twitter_card":"summary_large_image","twitter_misc":{"Est. reading time":"2 minutes"},"schema":{"@context":"https:\/\/schema.org","@graph":[{"@type":"WebPage","@id":"https:\/\/ville.ddo.qc.ca\/services-en-ligne\/vente-de-garage\/","url":"https:\/\/ville.ddo.qc.ca\/services-en-ligne\/vente-de-garage\/","name":"Garage sales - Ville de Dollard-des-Ormeaux","isPartOf":{"@id":"https:\/\/ville.ddo.qc.ca\/en\/#website"},"primaryImageOfPage":{"@id":"https:\/\/ville.ddo.qc.ca\/services-en-ligne\/vente-de-garage\/#primaryimage"},"image":{"@id":"https:\/\/ville.ddo.qc.ca\/services-en-ligne\/vente-de-garage\/#primaryimage"},"thumbnailUrl":"https:\/\/ville.ddo.qc.ca\/wp-content\/uploads\/2021\/02\/people-choosing-goods-at-yard-sale-scaled.jpg","datePublished":"2020-07-22T15:24:12+00:00","dateModified":"2025-04-11T15:53:15+00:00","description":"General principle Les ventes de garage (ventes-d\u00e9barras) sont permises dans les zones r\u00e9sidentielles identifi\u00e9es comme telles par le r\u00e8glement de zonage","breadcrumb":{"@id":"https:\/\/ville.ddo.qc.ca\/services-en-ligne\/vente-de-garage\/#breadcrumb"},"inLanguage":"en-CA","potentialAction":[{"@type":"ReadAction","target":["https:\/\/ville.ddo.qc.ca\/services-en-ligne\/vente-de-garage\/"]}]},{"@type":"ImageObject","inLanguage":"en-CA","@id":"https:\/\/ville.ddo.qc.ca\/services-en-ligne\/vente-de-garage\/#primaryimage","url":"https:\/\/ville.ddo.qc.ca\/wp-content\/uploads\/2021\/02\/people-choosing-goods-at-yard-sale-scaled.jpg","contentUrl":"https:\/\/ville.ddo.qc.ca\/wp-content\/uploads\/2021\/02\/people-choosing-goods-at-yard-sale-scaled.jpg","width":1536,"height":1024,"caption":"Group of people including adolescent girl choosing various goods at yard sale"},{"@type":"BreadcrumbList","@id":"https:\/\/ville.ddo.qc.ca\/services-en-ligne\/vente-de-garage\/#breadcrumb","itemListElement":[{"@type":"ListItem","position":1,"name":"Home","item":"https:\/\/ville.ddo.qc.ca\/"},{"@type":"ListItem","position":2,"name":"Online services","item":"https:\/\/ville.ddo.qc.ca\/services-en-ligne\/"},{"@type":"ListItem","position":3,"name":"Garage sales"}]},{"@type":"WebSite","@id":"https:\/\/ville.ddo.qc.ca\/en\/#website","url":"https:\/\/ville.ddo.qc.ca\/en\/","name":"Ville de Dollard-des-Ormeaux","description":"","publisher":{"@id":"https:\/\/ville.ddo.qc.ca\/en\/#organization"},"potentialAction":[{"@type":"SearchAction","target":{"@type":"EntryPoint","urlTemplate":"https:\/\/ville.ddo.qc.ca\/en\/?s={search_term_string}"},"query-input":{"@type":"PropertyValueSpecification","valueRequired":true,"valueName":"search_term_string"}}],"inLanguage":"en-CA"},{"@type":"Organization","@id":"https:\/\/ville.ddo.qc.ca\/en\/#organization","name":"Dollard-des-Ormeaux","url":"https:\/\/ville.ddo.qc.ca\/en\/","logo":{"@type":"ImageObject","inLanguage":"en-CA","@id":"https:\/\/ville.ddo.qc.ca\/en\/#\/schema\/logo\/image\/","url":"https:\/\/ville.ddo.qc.ca\/wp-content\/uploads\/2021\/03\/Logo-DDO-bleu3-02-02-1.svg","contentUrl":"https:\/\/ville.ddo.qc.ca\/wp-content\/uploads\/2021\/03\/Logo-DDO-bleu3-02-02-1.svg","width":228,"height":95,"caption":"Dollard-des-Ormeaux"},"image":{"@id":"https:\/\/ville.ddo.qc.ca\/en\/#\/schema\/logo\/image\/"},"sameAs":["https:\/\/www.facebook.com\/DDOville"]}]}},"publishpress_future_action":{"enabled":false,"date":"2026-04-24 13:52:19","action":"change-status","newStatus":"draft","terms":[],"taxonomy":"translation_priority","extraData":[]},"publishpress_future_workflow_manual_trigger":{"enabledWorkflows":[]},"_links":{"self":[{"href":"https:\/\/ville.ddo.qc.ca\/en\/wp-json\/wp\/v2\/pages\/17058","targetHints":{"allow":["GET"]}}],"collection":[{"href":"https:\/\/ville.ddo.qc.ca\/en\/wp-json\/wp\/v2\/pages"}],"about":[{"href":"https:\/\/ville.ddo.qc.ca\/en\/wp-json\/wp\/v2\/types\/page"}],"author":[{"embeddable":true,"href":"https:\/\/ville.ddo.qc.ca\/en\/wp-json\/wp\/v2\/users\/1"}],"replies":[{"embeddable":true,"href":"https:\/\/ville.ddo.qc.ca\/en\/wp-json\/wp\/v2\/comments?post=17058"}],"version-history":[{"count":0,"href":"https:\/\/ville.ddo.qc.ca\/en\/wp-json\/wp\/v2\/pages\/17058\/revisions"}],"up":[{"embeddable":true,"href":"https:\/\/ville.ddo.qc.ca\/en\/wp-json\/wp\/v2\/pages\/17254"}],"wp:featuredmedia":[{"embeddable":true,"href":"https:\/\/ville.ddo.qc.ca\/en\/wp-json\/wp\/v2\/media\/23908"}],"wp:attachment":[{"href":"https:\/\/ville.ddo.qc.ca\/en\/wp-json\/wp\/v2\/media?parent=17058"}],"curies":[{"name":"wp","href":"https:\/\/api.w.org\/{rel}","templated":true}]}}