{"id":17082,"date":"2020-07-17T18:04:53","date_gmt":"2020-07-17T18:04:53","guid":{"rendered":"https:\/\/ville.ddo.qc.ca\/?page_id=17082"},"modified":"2021-02-14T23:59:35","modified_gmt":"2021-02-14T23:59:35","slug":"public-transportation","status":"publish","type":"page","link":"https:\/\/ville.ddo.qc.ca\/en\/live\/roads-and-infrastructures\/public-transportation\/","title":{"rendered":"Public transportation"},"content":{"rendered":"\t\t<div data-elementor-type=\"wp-page\" data-elementor-id=\"17082\" class=\"elementor elementor-17082 elementor-347\" data-elementor-post-type=\"page\">\n\t\t\t\t\t\t<section class=\"elementor-section elementor-top-section elementor-element elementor-element-0f42523 elementor-section-boxed elementor-section-height-default elementor-section-height-default\" data-id=\"0f42523\" data-element_type=\"section\" data-e-type=\"section\">\n\t\t\t\t\t\t<div class=\"elementor-container elementor-column-gap-default\">\n\t\t\t\t\t<div class=\"elementor-column elementor-col-100 elementor-top-column elementor-element elementor-element-d122475\" data-id=\"d122475\" data-element_type=\"column\" data-e-type=\"column\">\n\t\t\t<div class=\"elementor-widget-wrap elementor-element-populated\">\n\t\t\t\t\t\t<div class=\"elementor-element elementor-element-5df6e3b elementor-widget elementor-widget-heading\" data-id=\"5df6e3b\" data-element_type=\"widget\" data-e-type=\"widget\" data-widget_type=\"heading.default\">\n\t\t\t\t<div class=\"elementor-widget-container\">\n\t\t\t\t\t<h2 class=\"elementor-heading-title elementor-size-default\">Public transportation<\/h2>\t\t\t\t<\/div>\n\t\t\t\t<\/div>\n\t\t\t\t<div class=\"elementor-element elementor-element-9bfe6b9 elementor-widget elementor-widget-text-editor\" data-id=\"9bfe6b9\" data-element_type=\"widget\" data-e-type=\"widget\" data-widget_type=\"text-editor.default\">\n\t\t\t\t<div class=\"elementor-widget-container\">\n\t\t\t\t\t\t\t\t\t<p>The City of Dollard-des-Ormeaux is serviced by an efficient public transportation system designed to meet the needs of citizens who travel to work or school.<\/p><p>The <em>Soci\u00e9t\u00e9 de transport de Montr\u00e9al<\/em> (STM) provides bus service on many of the City&#8217;s main arteries, with links to two suburban trains (Pierrefonds-Roxboro and Sunnybrooke), the Dollard des Ormeaux&#8217;s Civic Centre and Fairview shopping centre. Three express buses in the City take about 35 minutes to reach metro stations: the 409 Express Des Sources to Du Coll\u00e8ge metro, the 470 Express Pierrefonds to C\u00f4te-Vertu metro and the NEW 475 Express Dollard des Ormeaux to the C\u00f4te-Vertu metro.<\/p><p>Dollard-des-Ormeaux commuters heading downtown can use the Deux-Montagnes\/Montr\u00e9al train line, located east of Gouin Boulevard, near des Sources Boulevard or the Pierrefonds-Roxboro and Sunnybrooke trains which can be reached by bus. Public parking and spaces for bicycles are available free of charge for train commuters.<\/p>\t\t\t\t\t\t\t\t<\/div>\n\t\t\t\t<\/div>\n\t\t\t\t<div class=\"elementor-element elementor-element-1a9ec79 elementor-widget elementor-widget-heading\" data-id=\"1a9ec79\" data-element_type=\"widget\" data-e-type=\"widget\" data-widget_type=\"heading.default\">\n\t\t\t\t<div class=\"elementor-widget-container\">\n\t\t\t\t\t<h3 class=\"elementor-heading-title elementor-size-default\">For more information<\/h3>\t\t\t\t<\/div>\n\t\t\t\t<\/div>\n\t\t\t\t<div class=\"elementor-element elementor-element-9297e2f elementor-widget elementor-widget-text-editor\" data-id=\"9297e2f\" data-element_type=\"widget\" data-e-type=\"widget\" data-widget_type=\"text-editor.default\">\n\t\t\t\t<div class=\"elementor-widget-container\">\n\t\t\t\t\t\t\t\t\t<p>For Dollard-des-Ormeaux bus routes, please consult the\u00a0<a href=\"http:\/\/www.stm.info\/en\/about\/financial_and_corporate_information\/about-stm\" target=\"_blank\" rel=\"noopener\">Soci\u00e9t\u00e9 de transport de Montr\u00e9al (STM)\u00a0<\/a>website or dial (514) STM-INFO (786-4636).<\/p>\t\t\t\t\t\t\t\t<\/div>\n\t\t\t\t<\/div>\n\t\t\t\t<div class=\"elementor-element elementor-element-1f07014 elementor-widget elementor-widget-text-editor\" data-id=\"1f07014\" data-element_type=\"widget\" data-e-type=\"widget\" data-widget_type=\"text-editor.default\">\n\t\t\t\t<div class=\"elementor-widget-container\">\n\t\t\t\t\t\t\t\t\t<p>Fares and schedules for the Deux-Montagnes\/Montr\u00e9al train are available on <a href=\"https:\/\/exo.quebec\/en\" target=\"_blank\" rel=\"noopener\">Agence m\u00e9tropolitaine de transport (AMT)<\/a> website or by phone at 514-287-TRAM.<\/p>\t\t\t\t\t\t\t\t<\/div>\n\t\t\t\t<\/div>\n\t\t\t\t\t<\/div>\n\t\t<\/div>\n\t\t\t\t\t<\/div>\n\t\t<\/section>\n\t\t\t\t<\/div>\n\t\t","protected":false},"excerpt":{"rendered":"<p>Public transportation The City of Dollard-des-Ormeaux is serviced by an efficient public transportation system designed to meet the needs of citizens who travel to work or school. The Soci\u00e9t\u00e9 de transport de Montr\u00e9al (STM) provides bus service on many of the City&#8217;s main arteries, with links to two suburban trains (Pierrefonds-Roxboro and Sunnybrooke), the Dollard [&hellip;]<\/p>\n","protected":false},"author":1,"featured_media":20876,"parent":17243,"menu_order":0,"comment_status":"closed","ping_status":"closed","template":"","meta":{"_acf_changed":false,"inline_featured_image":false,"footnotes":""},"class_list":["post-17082","page","type-page","status-publish","has-post-thumbnail","hentry"],"acf":[],"yoast_head":"<!-- This site is optimized with the Yoast SEO plugin v27.4 - https:\/\/yoast.com\/product\/yoast-seo-wordpress\/ -->\n<title>Ville de Dollard-des-Ormeaux<\/title>\n<meta name=\"description\" content=\"Public transportation The City of Dollard-des-Ormeaux is serviced by an efficient public transportation system designed to meet the needs of citizens who\" \/>\n<meta name=\"robots\" content=\"index, follow, max-snippet:-1, max-image-preview:large, max-video-preview:-1\" \/>\n<link rel=\"canonical\" href=\"https:\/\/ville.ddo.qc.ca\/en\/live\/roads-and-infrastructures\/public-transportation\/\" \/>\n<meta property=\"og:locale\" content=\"en_US\" \/>\n<meta property=\"og:type\" content=\"article\" \/>\n<meta property=\"og:title\" content=\"Public transportation - Ville de Dollard-des-Ormeaux\" \/>\n<meta property=\"og:description\" content=\"Public transportation The City of Dollard-des-Ormeaux is serviced by an efficient public transportation system designed to meet the needs of citizens who\" \/>\n<meta property=\"og:url\" content=\"https:\/\/ville.ddo.qc.ca\/en\/live\/roads-and-infrastructures\/public-transportation\/\" \/>\n<meta property=\"og:site_name\" content=\"Ville de Dollard-des-Ormeaux\" \/>\n<meta property=\"article:publisher\" content=\"https:\/\/www.facebook.com\/DDOville\" \/>\n<meta property=\"article:modified_time\" content=\"2021-02-14T23:59:35+00:00\" \/>\n<meta property=\"og:image\" content=\"https:\/\/ville.ddo.qc.ca\/wp-content\/uploads\/2020\/11\/continuous-bicycle-road-with-blurred-background-scaled.jpg\" \/>\n\t<meta property=\"og:image:width\" content=\"1534\" \/>\n\t<meta property=\"og:image:height\" content=\"1024\" \/>\n\t<meta property=\"og:image:type\" content=\"image\/jpeg\" \/>\n<meta name=\"twitter:card\" content=\"summary_large_image\" \/>\n<meta name=\"twitter:label1\" content=\"Est. reading time\" \/>\n\t<meta name=\"twitter:data1\" content=\"1 minute\" \/>\n<script type=\"application\/ld+json\" class=\"yoast-schema-graph\">{\"@context\":\"https:\\\/\\\/schema.org\",\"@graph\":[{\"@type\":\"WebPage\",\"@id\":\"https:\\\/\\\/ville.ddo.qc.ca\\\/en\\\/live\\\/roads-and-infrastructures\\\/public-transportation\\\/\",\"url\":\"https:\\\/\\\/ville.ddo.qc.ca\\\/en\\\/live\\\/roads-and-infrastructures\\\/public-transportation\\\/\",\"name\":\"Public transportation - Ville de Dollard-des-Ormeaux\",\"isPartOf\":{\"@id\":\"https:\\\/\\\/ville.ddo.qc.ca\\\/en\\\/#website\"},\"primaryImageOfPage\":{\"@id\":\"https:\\\/\\\/ville.ddo.qc.ca\\\/en\\\/live\\\/roads-and-infrastructures\\\/public-transportation\\\/#primaryimage\"},\"image\":{\"@id\":\"https:\\\/\\\/ville.ddo.qc.ca\\\/en\\\/live\\\/roads-and-infrastructures\\\/public-transportation\\\/#primaryimage\"},\"thumbnailUrl\":\"https:\\\/\\\/ville.ddo.qc.ca\\\/wp-content\\\/uploads\\\/2020\\\/11\\\/continuous-bicycle-road-with-blurred-background-scaled.jpg\",\"datePublished\":\"2020-07-17T18:04:53+00:00\",\"dateModified\":\"2021-02-14T23:59:35+00:00\",\"description\":\"Public transportation The City of Dollard-des-Ormeaux is serviced by an efficient public transportation system designed to meet the needs of citizens who\",\"breadcrumb\":{\"@id\":\"https:\\\/\\\/ville.ddo.qc.ca\\\/en\\\/live\\\/roads-and-infrastructures\\\/public-transportation\\\/#breadcrumb\"},\"inLanguage\":\"en-CA\",\"potentialAction\":[{\"@type\":\"ReadAction\",\"target\":[\"https:\\\/\\\/ville.ddo.qc.ca\\\/en\\\/live\\\/roads-and-infrastructures\\\/public-transportation\\\/\"]}]},{\"@type\":\"ImageObject\",\"inLanguage\":\"en-CA\",\"@id\":\"https:\\\/\\\/ville.ddo.qc.ca\\\/en\\\/live\\\/roads-and-infrastructures\\\/public-transportation\\\/#primaryimage\",\"url\":\"https:\\\/\\\/ville.ddo.qc.ca\\\/wp-content\\\/uploads\\\/2020\\\/11\\\/continuous-bicycle-road-with-blurred-background-scaled.jpg\",\"contentUrl\":\"https:\\\/\\\/ville.ddo.qc.ca\\\/wp-content\\\/uploads\\\/2020\\\/11\\\/continuous-bicycle-road-with-blurred-background-scaled.jpg\",\"width\":1534,\"height\":1024},{\"@type\":\"BreadcrumbList\",\"@id\":\"https:\\\/\\\/ville.ddo.qc.ca\\\/en\\\/live\\\/roads-and-infrastructures\\\/public-transportation\\\/#breadcrumb\",\"itemListElement\":[{\"@type\":\"ListItem\",\"position\":1,\"name\":\"Home\",\"item\":\"https:\\\/\\\/ville.ddo.qc.ca\\\/\"},{\"@type\":\"ListItem\",\"position\":2,\"name\":\"Live\",\"item\":\"https:\\\/\\\/ville.ddo.qc.ca\\\/en\\\/live\\\/\"},{\"@type\":\"ListItem\",\"position\":3,\"name\":\"Roads and Infrastructures\",\"item\":\"https:\\\/\\\/ville.ddo.qc.ca\\\/en\\\/live\\\/roads-and-infrastructures\\\/\"},{\"@type\":\"ListItem\",\"position\":4,\"name\":\"Public transportation\"}]},{\"@type\":\"WebSite\",\"@id\":\"https:\\\/\\\/ville.ddo.qc.ca\\\/en\\\/#website\",\"url\":\"https:\\\/\\\/ville.ddo.qc.ca\\\/en\\\/\",\"name\":\"Ville de Dollard-des-Ormeaux\",\"description\":\"\",\"publisher\":{\"@id\":\"https:\\\/\\\/ville.ddo.qc.ca\\\/en\\\/#organization\"},\"potentialAction\":[{\"@type\":\"SearchAction\",\"target\":{\"@type\":\"EntryPoint\",\"urlTemplate\":\"https:\\\/\\\/ville.ddo.qc.ca\\\/en\\\/?s={search_term_string}\"},\"query-input\":{\"@type\":\"PropertyValueSpecification\",\"valueRequired\":true,\"valueName\":\"search_term_string\"}}],\"inLanguage\":\"en-CA\"},{\"@type\":\"Organization\",\"@id\":\"https:\\\/\\\/ville.ddo.qc.ca\\\/en\\\/#organization\",\"name\":\"Dollard-des-Ormeaux\",\"url\":\"https:\\\/\\\/ville.ddo.qc.ca\\\/en\\\/\",\"logo\":{\"@type\":\"ImageObject\",\"inLanguage\":\"en-CA\",\"@id\":\"https:\\\/\\\/ville.ddo.qc.ca\\\/en\\\/#\\\/schema\\\/logo\\\/image\\\/\",\"url\":\"https:\\\/\\\/ville.ddo.qc.ca\\\/wp-content\\\/uploads\\\/2021\\\/03\\\/Logo-DDO-bleu3-02-02-1.svg\",\"contentUrl\":\"https:\\\/\\\/ville.ddo.qc.ca\\\/wp-content\\\/uploads\\\/2021\\\/03\\\/Logo-DDO-bleu3-02-02-1.svg\",\"width\":228,\"height\":95,\"caption\":\"Dollard-des-Ormeaux\"},\"image\":{\"@id\":\"https:\\\/\\\/ville.ddo.qc.ca\\\/en\\\/#\\\/schema\\\/logo\\\/image\\\/\"},\"sameAs\":[\"https:\\\/\\\/www.facebook.com\\\/DDOville\"]}]}<\/script>\n<!-- \/ Yoast SEO plugin. -->","yoast_head_json":{"title":"Ville de Dollard-des-Ormeaux","description":"Public transportation The City of Dollard-des-Ormeaux is serviced by an efficient public transportation system designed to meet the needs of citizens who","robots":{"index":"index","follow":"follow","max-snippet":"max-snippet:-1","max-image-preview":"max-image-preview:large","max-video-preview":"max-video-preview:-1"},"canonical":"https:\/\/ville.ddo.qc.ca\/en\/live\/roads-and-infrastructures\/public-transportation\/","og_locale":"en_US","og_type":"article","og_title":"Public transportation - Ville de Dollard-des-Ormeaux","og_description":"Public transportation The City of Dollard-des-Ormeaux is serviced by an efficient public transportation system designed to meet the needs of citizens who","og_url":"https:\/\/ville.ddo.qc.ca\/en\/live\/roads-and-infrastructures\/public-transportation\/","og_site_name":"Ville de Dollard-des-Ormeaux","article_publisher":"https:\/\/www.facebook.com\/DDOville","article_modified_time":"2021-02-14T23:59:35+00:00","og_image":[{"width":1534,"height":1024,"url":"https:\/\/ville.ddo.qc.ca\/wp-content\/uploads\/2020\/11\/continuous-bicycle-road-with-blurred-background-scaled.jpg","type":"image\/jpeg"}],"twitter_card":"summary_large_image","twitter_misc":{"Est. reading time":"1 minute"},"schema":{"@context":"https:\/\/schema.org","@graph":[{"@type":"WebPage","@id":"https:\/\/ville.ddo.qc.ca\/en\/live\/roads-and-infrastructures\/public-transportation\/","url":"https:\/\/ville.ddo.qc.ca\/en\/live\/roads-and-infrastructures\/public-transportation\/","name":"Public transportation - Ville de Dollard-des-Ormeaux","isPartOf":{"@id":"https:\/\/ville.ddo.qc.ca\/en\/#website"},"primaryImageOfPage":{"@id":"https:\/\/ville.ddo.qc.ca\/en\/live\/roads-and-infrastructures\/public-transportation\/#primaryimage"},"image":{"@id":"https:\/\/ville.ddo.qc.ca\/en\/live\/roads-and-infrastructures\/public-transportation\/#primaryimage"},"thumbnailUrl":"https:\/\/ville.ddo.qc.ca\/wp-content\/uploads\/2020\/11\/continuous-bicycle-road-with-blurred-background-scaled.jpg","datePublished":"2020-07-17T18:04:53+00:00","dateModified":"2021-02-14T23:59:35+00:00","description":"Public transportation The City of Dollard-des-Ormeaux is serviced by an efficient public transportation system designed to meet the needs of citizens who","breadcrumb":{"@id":"https:\/\/ville.ddo.qc.ca\/en\/live\/roads-and-infrastructures\/public-transportation\/#breadcrumb"},"inLanguage":"en-CA","potentialAction":[{"@type":"ReadAction","target":["https:\/\/ville.ddo.qc.ca\/en\/live\/roads-and-infrastructures\/public-transportation\/"]}]},{"@type":"ImageObject","inLanguage":"en-CA","@id":"https:\/\/ville.ddo.qc.ca\/en\/live\/roads-and-infrastructures\/public-transportation\/#primaryimage","url":"https:\/\/ville.ddo.qc.ca\/wp-content\/uploads\/2020\/11\/continuous-bicycle-road-with-blurred-background-scaled.jpg","contentUrl":"https:\/\/ville.ddo.qc.ca\/wp-content\/uploads\/2020\/11\/continuous-bicycle-road-with-blurred-background-scaled.jpg","width":1534,"height":1024},{"@type":"BreadcrumbList","@id":"https:\/\/ville.ddo.qc.ca\/en\/live\/roads-and-infrastructures\/public-transportation\/#breadcrumb","itemListElement":[{"@type":"ListItem","position":1,"name":"Home","item":"https:\/\/ville.ddo.qc.ca\/"},{"@type":"ListItem","position":2,"name":"Live","item":"https:\/\/ville.ddo.qc.ca\/en\/live\/"},{"@type":"ListItem","position":3,"name":"Roads and Infrastructures","item":"https:\/\/ville.ddo.qc.ca\/en\/live\/roads-and-infrastructures\/"},{"@type":"ListItem","position":4,"name":"Public transportation"}]},{"@type":"WebSite","@id":"https:\/\/ville.ddo.qc.ca\/en\/#website","url":"https:\/\/ville.ddo.qc.ca\/en\/","name":"Ville de Dollard-des-Ormeaux","description":"","publisher":{"@id":"https:\/\/ville.ddo.qc.ca\/en\/#organization"},"potentialAction":[{"@type":"SearchAction","target":{"@type":"EntryPoint","urlTemplate":"https:\/\/ville.ddo.qc.ca\/en\/?s={search_term_string}"},"query-input":{"@type":"PropertyValueSpecification","valueRequired":true,"valueName":"search_term_string"}}],"inLanguage":"en-CA"},{"@type":"Organization","@id":"https:\/\/ville.ddo.qc.ca\/en\/#organization","name":"Dollard-des-Ormeaux","url":"https:\/\/ville.ddo.qc.ca\/en\/","logo":{"@type":"ImageObject","inLanguage":"en-CA","@id":"https:\/\/ville.ddo.qc.ca\/en\/#\/schema\/logo\/image\/","url":"https:\/\/ville.ddo.qc.ca\/wp-content\/uploads\/2021\/03\/Logo-DDO-bleu3-02-02-1.svg","contentUrl":"https:\/\/ville.ddo.qc.ca\/wp-content\/uploads\/2021\/03\/Logo-DDO-bleu3-02-02-1.svg","width":228,"height":95,"caption":"Dollard-des-Ormeaux"},"image":{"@id":"https:\/\/ville.ddo.qc.ca\/en\/#\/schema\/logo\/image\/"},"sameAs":["https:\/\/www.facebook.com\/DDOville"]}]}},"publishpress_future_action":{"enabled":false,"date":"2026-04-23 13:13:34","action":"change-status","newStatus":"draft","terms":[],"taxonomy":"translation_priority","extraData":[]},"publishpress_future_workflow_manual_trigger":{"enabledWorkflows":[]},"_links":{"self":[{"href":"https:\/\/ville.ddo.qc.ca\/en\/wp-json\/wp\/v2\/pages\/17082","targetHints":{"allow":["GET"]}}],"collection":[{"href":"https:\/\/ville.ddo.qc.ca\/en\/wp-json\/wp\/v2\/pages"}],"about":[{"href":"https:\/\/ville.ddo.qc.ca\/en\/wp-json\/wp\/v2\/types\/page"}],"author":[{"embeddable":true,"href":"https:\/\/ville.ddo.qc.ca\/en\/wp-json\/wp\/v2\/users\/1"}],"replies":[{"embeddable":true,"href":"https:\/\/ville.ddo.qc.ca\/en\/wp-json\/wp\/v2\/comments?post=17082"}],"version-history":[{"count":0,"href":"https:\/\/ville.ddo.qc.ca\/en\/wp-json\/wp\/v2\/pages\/17082\/revisions"}],"up":[{"embeddable":true,"href":"https:\/\/ville.ddo.qc.ca\/en\/wp-json\/wp\/v2\/pages\/17243"}],"wp:featuredmedia":[{"embeddable":true,"href":"https:\/\/ville.ddo.qc.ca\/en\/wp-json\/wp\/v2\/media\/20876"}],"wp:attachment":[{"href":"https:\/\/ville.ddo.qc.ca\/en\/wp-json\/wp\/v2\/media?parent=17082"}],"curies":[{"name":"wp","href":"https:\/\/api.w.org\/{rel}","templated":true}]}}