{"id":17149,"date":"2020-07-17T18:07:16","date_gmt":"2020-07-17T18:07:16","guid":{"rendered":"https:\/\/ville.ddo.qc.ca\/?page_id=17149"},"modified":"2025-07-21T15:26:27","modified_gmt":"2025-07-21T19:26:27","slug":"certificate-of-location","status":"publish","type":"page","link":"https:\/\/ville.ddo.qc.ca\/en\/live\/my-house\/certificate-of-location\/","title":{"rendered":"Certificate of location"},"content":{"rendered":"\t\t<div data-elementor-type=\"wp-page\" data-elementor-id=\"17149\" class=\"elementor elementor-17149 elementor-359\" data-elementor-post-type=\"page\">\n\t\t\t\t\t\t<section class=\"elementor-section elementor-top-section elementor-element elementor-element-4cca5a8 elementor-section-boxed elementor-section-height-default elementor-section-height-default\" data-id=\"4cca5a8\" data-element_type=\"section\" data-e-type=\"section\">\n\t\t\t\t\t\t<div class=\"elementor-container elementor-column-gap-default\">\n\t\t\t\t\t<div class=\"elementor-column elementor-col-100 elementor-top-column elementor-element elementor-element-bc32216\" data-id=\"bc32216\" data-element_type=\"column\" data-e-type=\"column\">\n\t\t\t<div class=\"elementor-widget-wrap elementor-element-populated\">\n\t\t\t\t\t\t<div class=\"elementor-element elementor-element-1fc6465 elementor-widget elementor-widget-text-editor\" data-id=\"1fc6465\" data-element_type=\"widget\" data-e-type=\"widget\" data-widget_type=\"text-editor.default\">\n\t\t\t\t<div class=\"elementor-widget-container\">\n\t\t\t\t\t\t\t\t\t<h5>If you are planning a new building, an extension or even the installation of a swimming pool, a certificate of location is required to ensure compliance with planning regulations.<\/h5>\t\t\t\t\t\t\t\t<\/div>\n\t\t\t\t<\/div>\n\t\t\t\t<div class=\"elementor-element elementor-element-d4dbbcd elementor-widget elementor-widget-heading\" data-id=\"d4dbbcd\" data-element_type=\"widget\" data-e-type=\"widget\" data-widget_type=\"heading.default\">\n\t\t\t\t<div class=\"elementor-widget-container\">\n\t\t\t\t\t<h2 class=\"elementor-heading-title elementor-size-default\">Frequently Asked Questions<\/h2>\t\t\t\t<\/div>\n\t\t\t\t<\/div>\n\t\t\t\t<div class=\"elementor-element elementor-element-dc5f448 elementor-widget elementor-widget-n-accordion\" data-id=\"dc5f448\" data-element_type=\"widget\" data-e-type=\"widget\" data-settings=\"{&quot;default_state&quot;:&quot;expanded&quot;,&quot;max_items_expended&quot;:&quot;one&quot;,&quot;n_accordion_animation_duration&quot;:{&quot;unit&quot;:&quot;ms&quot;,&quot;size&quot;:400,&quot;sizes&quot;:[]}}\" data-widget_type=\"nested-accordion.default\">\n\t\t\t\t<div class=\"elementor-widget-container\">\n\t\t\t\t\t\t\t<div class=\"e-n-accordion\" aria-label=\"Accordion. Open links with Enter or Space, close with Escape, and navigate with Arrow Keys\">\n\t\t\t\t\t\t<details id=\"e-n-accordion-item-2310\" class=\"e-n-accordion-item\" open>\n\t\t\t\t<summary class=\"e-n-accordion-item-title\" data-accordion-index=\"1\" tabindex=\"0\" aria-expanded=\"true\" aria-controls=\"e-n-accordion-item-2310\" >\n\t\t\t\t\t<span class='e-n-accordion-item-title-header'><div class=\"e-n-accordion-item-title-text\"> What is a Certificate of Location? <\/div><\/span>\n\t\t\t\t\t\t\t<span class='e-n-accordion-item-title-icon'>\n\t\t\t<span class='e-opened' ><i aria-hidden=\"true\" class=\"fas fa-minus\"><\/i><\/span>\n\t\t\t<span class='e-closed'><i aria-hidden=\"true\" class=\"fas fa-plus\"><\/i><\/span>\n\t\t<\/span>\n\n\t\t\t\t\t\t<\/summary>\n\t\t\t\t<div role=\"region\" aria-labelledby=\"e-n-accordion-item-2310\" class=\"elementor-element elementor-element-b71d688 e-con-full e-flex e-con e-child\" data-id=\"b71d688\" data-element_type=\"container\" data-e-type=\"container\">\n\t\t\t\t<div class=\"elementor-element elementor-element-b27aa7b elementor-widget elementor-widget-text-editor\" data-id=\"b27aa7b\" data-element_type=\"widget\" data-e-type=\"widget\" data-widget_type=\"text-editor.default\">\n\t\t\t\t<div class=\"elementor-widget-container\">\n\t\t\t\t\t\t\t\t\t<p>A Certificate of Location is a legal document prepared and signed by a land surveyor that describes the situation and conditions of a property in relation to the title deeds, the land register and the laws and regulations that may affect it.<\/p>\t\t\t\t\t\t\t\t<\/div>\n\t\t\t\t<\/div>\n\t\t\t\t<\/div>\n\t\t\t\t\t<\/details>\n\t\t\t\t\t\t<details id=\"e-n-accordion-item-2311\" class=\"e-n-accordion-item\" >\n\t\t\t\t<summary class=\"e-n-accordion-item-title\" data-accordion-index=\"2\" tabindex=\"-1\" aria-expanded=\"false\" aria-controls=\"e-n-accordion-item-2311\" >\n\t\t\t\t\t<span class='e-n-accordion-item-title-header'><div class=\"e-n-accordion-item-title-text\"> What information is found on a Certificate of Location? <\/div><\/span>\n\t\t\t\t\t\t\t<span class='e-n-accordion-item-title-icon'>\n\t\t\t<span class='e-opened' ><i aria-hidden=\"true\" class=\"fas fa-minus\"><\/i><\/span>\n\t\t\t<span class='e-closed'><i aria-hidden=\"true\" class=\"fas fa-plus\"><\/i><\/span>\n\t\t<\/span>\n\n\t\t\t\t\t\t<\/summary>\n\t\t\t\t<div role=\"region\" aria-labelledby=\"e-n-accordion-item-2311\" class=\"elementor-element elementor-element-f5a10fe e-con-full e-flex e-con e-child\" data-id=\"f5a10fe\" data-element_type=\"container\" data-e-type=\"container\">\n\t\t\t\t<div class=\"elementor-element elementor-element-288af6d elementor-widget elementor-widget-text-editor\" data-id=\"288af6d\" data-element_type=\"widget\" data-e-type=\"widget\" data-widget_type=\"text-editor.default\">\n\t\t\t\t<div class=\"elementor-widget-container\">\n\t\t\t\t\t\t\t\t\t<p>The Certificate of Location generally consists of the following information:<\/p><ul><li><strong>The report: <\/strong><ul><li>A description of the property (ex. dimensions, area, lot number).<\/li><li>Servitudes (ex. rights of way, drainage, view, etc.).<\/li><li><p>Various types of constraints (ex. zoning, flooding, etc.).<\/p><\/li><li><p>Encroachments (ex. structures that extend beyond lot lines).<\/p><\/li><li><p>Compliance with municipal and government regulations.<\/p><\/li><li><p>Occupancy markers (ex. fences, hedges, buildings).<\/p><\/li><\/ul><\/li><li><strong>The plan:<\/strong><ul><li><p>A graphic representation of the land and buildings.<\/p><\/li><li><p>Location of relevant structures and features.<\/p><\/li><li><p>Property boundaries.<\/p><\/li><li><p>Servitudes and encroachments, if applicable.<\/p><\/li><\/ul><\/li><\/ul>\t\t\t\t\t\t\t\t<\/div>\n\t\t\t\t<\/div>\n\t\t\t\t<\/div>\n\t\t\t\t\t<\/details>\n\t\t\t\t\t\t<details id=\"e-n-accordion-item-2312\" class=\"e-n-accordion-item\" >\n\t\t\t\t<summary class=\"e-n-accordion-item-title\" data-accordion-index=\"3\" tabindex=\"-1\" aria-expanded=\"false\" aria-controls=\"e-n-accordion-item-2312\" >\n\t\t\t\t\t<span class='e-n-accordion-item-title-header'><div class=\"e-n-accordion-item-title-text\"> What does a Certificate of Location look like? <\/div><\/span>\n\t\t\t\t\t\t\t<span class='e-n-accordion-item-title-icon'>\n\t\t\t<span class='e-opened' ><i aria-hidden=\"true\" class=\"fas fa-minus\"><\/i><\/span>\n\t\t\t<span class='e-closed'><i aria-hidden=\"true\" class=\"fas fa-plus\"><\/i><\/span>\n\t\t<\/span>\n\n\t\t\t\t\t\t<\/summary>\n\t\t\t\t<div role=\"region\" aria-labelledby=\"e-n-accordion-item-2312\" class=\"elementor-element elementor-element-f79a1e5 e-flex e-con-boxed e-con e-child\" data-id=\"f79a1e5\" data-element_type=\"container\" data-e-type=\"container\">\n\t\t\t\t\t<div class=\"e-con-inner\">\n\t\t\t\t<div class=\"elementor-element elementor-element-3dc1bfc elementor-widget elementor-widget-text-editor\" data-id=\"3dc1bfc\" data-element_type=\"widget\" data-e-type=\"widget\" data-widget_type=\"text-editor.default\">\n\t\t\t\t<div class=\"elementor-widget-container\">\n\t\t\t\t\t\t\t\t\t<p>The Ordre des Arpenteurs-G\u00e9om\u00e8tres du Qu\u00e9bec (OAGQ) provides an example of a Certificate of Location on its website at the link below (available in French only):<\/p><p><a href=\"https:\/\/oagq.qc.ca\/services\/certificat-de-localisation\/\">https:\/\/oagq.qc.ca\/services\/certificat-de-localisation\/<\/a><\/p>\t\t\t\t\t\t\t\t<\/div>\n\t\t\t\t<\/div>\n\t\t\t\t\t<\/div>\n\t\t\t\t<\/div>\n\t\t\t\t\t<\/details>\n\t\t\t\t\t<\/div>\n\t\t\t\t\t\t<\/div>\n\t\t\t\t<\/div>\n\t\t\t\t<div class=\"elementor-element elementor-element-e6bdd6f elementor-widget elementor-widget-heading\" data-id=\"e6bdd6f\" data-element_type=\"widget\" data-e-type=\"widget\" data-widget_type=\"heading.default\">\n\t\t\t\t<div class=\"elementor-widget-container\">\n\t\t\t\t\t<h2 class=\"elementor-heading-title elementor-size-default\">Information<\/h2>\t\t\t\t<\/div>\n\t\t\t\t<\/div>\n\t\t\t\t<div class=\"elementor-element elementor-element-68fea41 elementor-widget elementor-widget-text-editor\" data-id=\"68fea41\" data-element_type=\"widget\" data-e-type=\"widget\" data-widget_type=\"text-editor.default\">\n\t\t\t\t<div class=\"elementor-widget-container\">\n\t\t\t\t\t\t\t\t\t<p><span style=\"text-decoration: underline;\">Urban Planning and Engineering Department<\/span><\/p><p>Tel: <a href=\"tel:5146841010\">514 684-1010<\/a><\/p><p>Email\u00a0: <a href=\"mailto:aui_upe@ddo.qc.ca\">aui_upe@ddo.qc.ca<\/a><\/p><p><span style=\"text-decoration: underline;\">L\u2019Ordre des Arpenteurs-G\u00e9om\u00e8tres du Qu\u00e9bec (OAGQ)<\/span><\/p><p>Website\u00a0:\u00a0 <a href=\"https:\/\/oagq.qc.ca\/\">https:\/\/oagq.qc.ca\/<\/a><\/p>\t\t\t\t\t\t\t\t<\/div>\n\t\t\t\t<\/div>\n\t\t\t\t\t<\/div>\n\t\t<\/div>\n\t\t\t\t\t<\/div>\n\t\t<\/section>\n\t\t\t\t<\/div>\n\t\t","protected":false},"excerpt":{"rendered":"<p>If you are planning a new building, an extension or even the installation of a swimming pool, a certificate of location is required to ensure compliance with planning regulations. Frequently Asked Questions What is a Certificate of Location? A Certificate of Location is a legal document prepared and signed by a land surveyor that describes [&hellip;]<\/p>\n","protected":false},"author":1,"featured_media":20896,"parent":17239,"menu_order":0,"comment_status":"closed","ping_status":"closed","template":"","meta":{"_acf_changed":false,"inline_featured_image":false,"footnotes":""},"class_list":["post-17149","page","type-page","status-publish","has-post-thumbnail","hentry"],"acf":[],"yoast_head":"<!-- This site is optimized with the Yoast SEO plugin v27.4 - https:\/\/yoast.com\/product\/yoast-seo-wordpress\/ -->\n<title>Ville de Dollard-des-Ormeaux<\/title>\n<meta name=\"description\" content=\"If you are planning a new building, an extension or even the installation of a swimming pool, a certificate of location is required to ensure compliance\" \/>\n<meta name=\"robots\" content=\"index, follow, max-snippet:-1, max-image-preview:large, max-video-preview:-1\" \/>\n<link rel=\"canonical\" href=\"https:\/\/ville.ddo.qc.ca\/vivre\/ma-maison\/certificat-de-localisation\/\" \/>\n<meta property=\"og:locale\" content=\"en_US\" \/>\n<meta property=\"og:type\" content=\"article\" \/>\n<meta property=\"og:title\" content=\"Certificate of location - Ville de Dollard-des-Ormeaux\" \/>\n<meta property=\"og:description\" content=\"If you are planning a new building, an extension or even the installation of a swimming pool, a certificate of location is required to ensure compliance\" \/>\n<meta property=\"og:url\" content=\"https:\/\/ville.ddo.qc.ca\/vivre\/ma-maison\/certificat-de-localisation\/\" \/>\n<meta property=\"og:site_name\" content=\"Ville de Dollard-des-Ormeaux\" \/>\n<meta property=\"article:publisher\" content=\"https:\/\/www.facebook.com\/DDOville\" \/>\n<meta property=\"article:modified_time\" content=\"2025-07-21T19:26:27+00:00\" \/>\n<meta property=\"og:image\" content=\"https:\/\/ville.ddo.qc.ca\/wp-content\/uploads\/2020\/11\/real-estate-property-construction-project-concept-engineer-s-tools-with-small-wooden-house-home-table-dark-background-scaled.jpg\" \/>\n\t<meta property=\"og:image:width\" content=\"2559\" \/>\n\t<meta property=\"og:image:height\" content=\"1024\" \/>\n\t<meta property=\"og:image:type\" content=\"image\/jpeg\" \/>\n<meta name=\"twitter:card\" content=\"summary_large_image\" \/>\n<meta name=\"twitter:label1\" content=\"Est. reading time\" \/>\n\t<meta name=\"twitter:data1\" content=\"2 minutes\" \/>\n<script type=\"application\/ld+json\" class=\"yoast-schema-graph\">{\"@context\":\"https:\\\/\\\/schema.org\",\"@graph\":[{\"@type\":\"WebPage\",\"@id\":\"https:\\\/\\\/ville.ddo.qc.ca\\\/vivre\\\/ma-maison\\\/certificat-de-localisation\\\/\",\"url\":\"https:\\\/\\\/ville.ddo.qc.ca\\\/vivre\\\/ma-maison\\\/certificat-de-localisation\\\/\",\"name\":\"Certificate of location - Ville de Dollard-des-Ormeaux\",\"isPartOf\":{\"@id\":\"https:\\\/\\\/ville.ddo.qc.ca\\\/en\\\/#website\"},\"primaryImageOfPage\":{\"@id\":\"https:\\\/\\\/ville.ddo.qc.ca\\\/vivre\\\/ma-maison\\\/certificat-de-localisation\\\/#primaryimage\"},\"image\":{\"@id\":\"https:\\\/\\\/ville.ddo.qc.ca\\\/vivre\\\/ma-maison\\\/certificat-de-localisation\\\/#primaryimage\"},\"thumbnailUrl\":\"https:\\\/\\\/ville.ddo.qc.ca\\\/wp-content\\\/uploads\\\/2020\\\/11\\\/real-estate-property-construction-project-concept-engineer-s-tools-with-small-wooden-house-home-table-dark-background-scaled.jpg\",\"datePublished\":\"2020-07-17T18:07:16+00:00\",\"dateModified\":\"2025-07-21T19:26:27+00:00\",\"description\":\"If you are planning a new building, an extension or even the installation of a swimming pool, a certificate of location is required to ensure compliance\",\"breadcrumb\":{\"@id\":\"https:\\\/\\\/ville.ddo.qc.ca\\\/vivre\\\/ma-maison\\\/certificat-de-localisation\\\/#breadcrumb\"},\"inLanguage\":\"en-CA\",\"potentialAction\":[{\"@type\":\"ReadAction\",\"target\":[\"https:\\\/\\\/ville.ddo.qc.ca\\\/vivre\\\/ma-maison\\\/certificat-de-localisation\\\/\"]}]},{\"@type\":\"ImageObject\",\"inLanguage\":\"en-CA\",\"@id\":\"https:\\\/\\\/ville.ddo.qc.ca\\\/vivre\\\/ma-maison\\\/certificat-de-localisation\\\/#primaryimage\",\"url\":\"https:\\\/\\\/ville.ddo.qc.ca\\\/wp-content\\\/uploads\\\/2020\\\/11\\\/real-estate-property-construction-project-concept-engineer-s-tools-with-small-wooden-house-home-table-dark-background-scaled.jpg\",\"contentUrl\":\"https:\\\/\\\/ville.ddo.qc.ca\\\/wp-content\\\/uploads\\\/2020\\\/11\\\/real-estate-property-construction-project-concept-engineer-s-tools-with-small-wooden-house-home-table-dark-background-scaled.jpg\",\"width\":2559,\"height\":1024,\"caption\":\"real estate, property and construction project concept, engineer's tools with small wooden house or home on table in dark background\"},{\"@type\":\"BreadcrumbList\",\"@id\":\"https:\\\/\\\/ville.ddo.qc.ca\\\/vivre\\\/ma-maison\\\/certificat-de-localisation\\\/#breadcrumb\",\"itemListElement\":[{\"@type\":\"ListItem\",\"position\":1,\"name\":\"Home\",\"item\":\"https:\\\/\\\/ville.ddo.qc.ca\\\/\"},{\"@type\":\"ListItem\",\"position\":2,\"name\":\"Live\",\"item\":\"https:\\\/\\\/ville.ddo.qc.ca\\\/en\\\/live\\\/\"},{\"@type\":\"ListItem\",\"position\":3,\"name\":\"My house\",\"item\":\"https:\\\/\\\/ville.ddo.qc.ca\\\/en\\\/live\\\/my-house\\\/\"},{\"@type\":\"ListItem\",\"position\":4,\"name\":\"Certificate of location\"}]},{\"@type\":\"WebSite\",\"@id\":\"https:\\\/\\\/ville.ddo.qc.ca\\\/en\\\/#website\",\"url\":\"https:\\\/\\\/ville.ddo.qc.ca\\\/en\\\/\",\"name\":\"Ville de Dollard-des-Ormeaux\",\"description\":\"\",\"publisher\":{\"@id\":\"https:\\\/\\\/ville.ddo.qc.ca\\\/en\\\/#organization\"},\"potentialAction\":[{\"@type\":\"SearchAction\",\"target\":{\"@type\":\"EntryPoint\",\"urlTemplate\":\"https:\\\/\\\/ville.ddo.qc.ca\\\/en\\\/?s={search_term_string}\"},\"query-input\":{\"@type\":\"PropertyValueSpecification\",\"valueRequired\":true,\"valueName\":\"search_term_string\"}}],\"inLanguage\":\"en-CA\"},{\"@type\":\"Organization\",\"@id\":\"https:\\\/\\\/ville.ddo.qc.ca\\\/en\\\/#organization\",\"name\":\"Dollard-des-Ormeaux\",\"url\":\"https:\\\/\\\/ville.ddo.qc.ca\\\/en\\\/\",\"logo\":{\"@type\":\"ImageObject\",\"inLanguage\":\"en-CA\",\"@id\":\"https:\\\/\\\/ville.ddo.qc.ca\\\/en\\\/#\\\/schema\\\/logo\\\/image\\\/\",\"url\":\"https:\\\/\\\/ville.ddo.qc.ca\\\/wp-content\\\/uploads\\\/2021\\\/03\\\/Logo-DDO-bleu3-02-02-1.svg\",\"contentUrl\":\"https:\\\/\\\/ville.ddo.qc.ca\\\/wp-content\\\/uploads\\\/2021\\\/03\\\/Logo-DDO-bleu3-02-02-1.svg\",\"width\":228,\"height\":95,\"caption\":\"Dollard-des-Ormeaux\"},\"image\":{\"@id\":\"https:\\\/\\\/ville.ddo.qc.ca\\\/en\\\/#\\\/schema\\\/logo\\\/image\\\/\"},\"sameAs\":[\"https:\\\/\\\/www.facebook.com\\\/DDOville\"]}]}<\/script>\n<!-- \/ Yoast SEO plugin. -->","yoast_head_json":{"title":"Ville de Dollard-des-Ormeaux","description":"If you are planning a new building, an extension or even the installation of a swimming pool, a certificate of location is required to ensure compliance","robots":{"index":"index","follow":"follow","max-snippet":"max-snippet:-1","max-image-preview":"max-image-preview:large","max-video-preview":"max-video-preview:-1"},"canonical":"https:\/\/ville.ddo.qc.ca\/vivre\/ma-maison\/certificat-de-localisation\/","og_locale":"en_US","og_type":"article","og_title":"Certificate of location - Ville de Dollard-des-Ormeaux","og_description":"If you are planning a new building, an extension or even the installation of a swimming pool, a certificate of location is required to ensure compliance","og_url":"https:\/\/ville.ddo.qc.ca\/vivre\/ma-maison\/certificat-de-localisation\/","og_site_name":"Ville de Dollard-des-Ormeaux","article_publisher":"https:\/\/www.facebook.com\/DDOville","article_modified_time":"2025-07-21T19:26:27+00:00","og_image":[{"width":2559,"height":1024,"url":"https:\/\/ville.ddo.qc.ca\/wp-content\/uploads\/2020\/11\/real-estate-property-construction-project-concept-engineer-s-tools-with-small-wooden-house-home-table-dark-background-scaled.jpg","type":"image\/jpeg"}],"twitter_card":"summary_large_image","twitter_misc":{"Est. reading time":"2 minutes"},"schema":{"@context":"https:\/\/schema.org","@graph":[{"@type":"WebPage","@id":"https:\/\/ville.ddo.qc.ca\/vivre\/ma-maison\/certificat-de-localisation\/","url":"https:\/\/ville.ddo.qc.ca\/vivre\/ma-maison\/certificat-de-localisation\/","name":"Certificate of location - Ville de Dollard-des-Ormeaux","isPartOf":{"@id":"https:\/\/ville.ddo.qc.ca\/en\/#website"},"primaryImageOfPage":{"@id":"https:\/\/ville.ddo.qc.ca\/vivre\/ma-maison\/certificat-de-localisation\/#primaryimage"},"image":{"@id":"https:\/\/ville.ddo.qc.ca\/vivre\/ma-maison\/certificat-de-localisation\/#primaryimage"},"thumbnailUrl":"https:\/\/ville.ddo.qc.ca\/wp-content\/uploads\/2020\/11\/real-estate-property-construction-project-concept-engineer-s-tools-with-small-wooden-house-home-table-dark-background-scaled.jpg","datePublished":"2020-07-17T18:07:16+00:00","dateModified":"2025-07-21T19:26:27+00:00","description":"If you are planning a new building, an extension or even the installation of a swimming pool, a certificate of location is required to ensure compliance","breadcrumb":{"@id":"https:\/\/ville.ddo.qc.ca\/vivre\/ma-maison\/certificat-de-localisation\/#breadcrumb"},"inLanguage":"en-CA","potentialAction":[{"@type":"ReadAction","target":["https:\/\/ville.ddo.qc.ca\/vivre\/ma-maison\/certificat-de-localisation\/"]}]},{"@type":"ImageObject","inLanguage":"en-CA","@id":"https:\/\/ville.ddo.qc.ca\/vivre\/ma-maison\/certificat-de-localisation\/#primaryimage","url":"https:\/\/ville.ddo.qc.ca\/wp-content\/uploads\/2020\/11\/real-estate-property-construction-project-concept-engineer-s-tools-with-small-wooden-house-home-table-dark-background-scaled.jpg","contentUrl":"https:\/\/ville.ddo.qc.ca\/wp-content\/uploads\/2020\/11\/real-estate-property-construction-project-concept-engineer-s-tools-with-small-wooden-house-home-table-dark-background-scaled.jpg","width":2559,"height":1024,"caption":"real estate, property and construction project concept, engineer's tools with small wooden house or home on table in dark background"},{"@type":"BreadcrumbList","@id":"https:\/\/ville.ddo.qc.ca\/vivre\/ma-maison\/certificat-de-localisation\/#breadcrumb","itemListElement":[{"@type":"ListItem","position":1,"name":"Home","item":"https:\/\/ville.ddo.qc.ca\/"},{"@type":"ListItem","position":2,"name":"Live","item":"https:\/\/ville.ddo.qc.ca\/en\/live\/"},{"@type":"ListItem","position":3,"name":"My house","item":"https:\/\/ville.ddo.qc.ca\/en\/live\/my-house\/"},{"@type":"ListItem","position":4,"name":"Certificate of location"}]},{"@type":"WebSite","@id":"https:\/\/ville.ddo.qc.ca\/en\/#website","url":"https:\/\/ville.ddo.qc.ca\/en\/","name":"Ville de Dollard-des-Ormeaux","description":"","publisher":{"@id":"https:\/\/ville.ddo.qc.ca\/en\/#organization"},"potentialAction":[{"@type":"SearchAction","target":{"@type":"EntryPoint","urlTemplate":"https:\/\/ville.ddo.qc.ca\/en\/?s={search_term_string}"},"query-input":{"@type":"PropertyValueSpecification","valueRequired":true,"valueName":"search_term_string"}}],"inLanguage":"en-CA"},{"@type":"Organization","@id":"https:\/\/ville.ddo.qc.ca\/en\/#organization","name":"Dollard-des-Ormeaux","url":"https:\/\/ville.ddo.qc.ca\/en\/","logo":{"@type":"ImageObject","inLanguage":"en-CA","@id":"https:\/\/ville.ddo.qc.ca\/en\/#\/schema\/logo\/image\/","url":"https:\/\/ville.ddo.qc.ca\/wp-content\/uploads\/2021\/03\/Logo-DDO-bleu3-02-02-1.svg","contentUrl":"https:\/\/ville.ddo.qc.ca\/wp-content\/uploads\/2021\/03\/Logo-DDO-bleu3-02-02-1.svg","width":228,"height":95,"caption":"Dollard-des-Ormeaux"},"image":{"@id":"https:\/\/ville.ddo.qc.ca\/en\/#\/schema\/logo\/image\/"},"sameAs":["https:\/\/www.facebook.com\/DDOville"]}]}},"publishpress_future_action":{"enabled":false,"date":"2026-04-29 06:40:45","action":"change-status","newStatus":"draft","terms":[],"taxonomy":"translation_priority","extraData":[]},"publishpress_future_workflow_manual_trigger":{"enabledWorkflows":[]},"_links":{"self":[{"href":"https:\/\/ville.ddo.qc.ca\/en\/wp-json\/wp\/v2\/pages\/17149","targetHints":{"allow":["GET"]}}],"collection":[{"href":"https:\/\/ville.ddo.qc.ca\/en\/wp-json\/wp\/v2\/pages"}],"about":[{"href":"https:\/\/ville.ddo.qc.ca\/en\/wp-json\/wp\/v2\/types\/page"}],"author":[{"embeddable":true,"href":"https:\/\/ville.ddo.qc.ca\/en\/wp-json\/wp\/v2\/users\/1"}],"replies":[{"embeddable":true,"href":"https:\/\/ville.ddo.qc.ca\/en\/wp-json\/wp\/v2\/comments?post=17149"}],"version-history":[{"count":0,"href":"https:\/\/ville.ddo.qc.ca\/en\/wp-json\/wp\/v2\/pages\/17149\/revisions"}],"up":[{"embeddable":true,"href":"https:\/\/ville.ddo.qc.ca\/en\/wp-json\/wp\/v2\/pages\/17239"}],"wp:featuredmedia":[{"embeddable":true,"href":"https:\/\/ville.ddo.qc.ca\/en\/wp-json\/wp\/v2\/media\/20896"}],"wp:attachment":[{"href":"https:\/\/ville.ddo.qc.ca\/en\/wp-json\/wp\/v2\/media?parent=17149"}],"curies":[{"name":"wp","href":"https:\/\/api.w.org\/{rel}","templated":true}]}}