{"id":17150,"date":"2020-07-17T18:06:41","date_gmt":"2020-07-17T18:06:41","guid":{"rendered":"https:\/\/ville.ddo.qc.ca\/?page_id=17150"},"modified":"2026-03-31T10:35:16","modified_gmt":"2026-03-31T14:35:16","slug":"home-renovation-grant","status":"publish","type":"page","link":"https:\/\/ville.ddo.qc.ca\/en\/live\/my-house\/home-renovation-grant\/","title":{"rendered":"Home renovation grant"},"content":{"rendered":"\t\t<div data-elementor-type=\"wp-page\" data-elementor-id=\"17150\" class=\"elementor elementor-17150 elementor-357\" data-elementor-post-type=\"page\">\n\t\t\t\t\t\t<section class=\"elementor-section elementor-top-section elementor-element elementor-element-a889483 elementor-section-boxed elementor-section-height-default elementor-section-height-default\" data-id=\"a889483\" data-element_type=\"section\" data-e-type=\"section\">\n\t\t\t\t\t\t<div class=\"elementor-container elementor-column-gap-default\">\n\t\t\t\t\t<div class=\"elementor-column elementor-col-100 elementor-top-column elementor-element elementor-element-9f41ab3\" data-id=\"9f41ab3\" data-element_type=\"column\" data-e-type=\"column\">\n\t\t\t<div class=\"elementor-widget-wrap elementor-element-populated\">\n\t\t\t\t\t\t<div class=\"elementor-element elementor-element-b788a08 elementor-widget elementor-widget-text-editor\" data-id=\"b788a08\" data-element_type=\"widget\" data-e-type=\"widget\" data-widget_type=\"text-editor.default\">\n\t\t\t\t<div class=\"elementor-widget-container\">\n\t\t\t\t\t\t\t\t\t<p>The City of Dollard-des-Ormeaux, as part of an agreement signed with the\u00a0<em>Soci\u00e9t\u00e9 d\u2019habitation du Qu\u00e9bec<\/em>, invites its residents to take advantage of home improvement programs. Eligibility for these programs is evaluated according to specific criteria.<\/p>\t\t\t\t\t\t\t\t<\/div>\n\t\t\t\t<\/div>\n\t\t\t\t<div class=\"elementor-element elementor-element-1dc81e8 elementor-widget elementor-widget-heading\" data-id=\"1dc81e8\" data-element_type=\"widget\" data-e-type=\"widget\" data-widget_type=\"heading.default\">\n\t\t\t\t<div class=\"elementor-widget-container\">\n\t\t\t\t\t<h2 class=\"elementor-heading-title elementor-size-default\">Residential adaptation assistance program (RAAP)<\/h2>\t\t\t\t<\/div>\n\t\t\t\t<\/div>\n\t\t\t\t<div class=\"elementor-element elementor-element-61670a0 elementor-widget elementor-widget-text-editor\" data-id=\"61670a0\" data-element_type=\"widget\" data-e-type=\"widget\" data-widget_type=\"text-editor.default\">\n\t\t\t\t<div class=\"elementor-widget-container\">\n\t\t\t\t\t\t\t\t\t<p>The program is geared towards handicapped persons living in a residential unit that must be modified or adapted. This program provides financial assistance to the owners of a dwelling occupied by a person with a disability so that the adaptation work can be carried out.<\/p><p>Any disabled person who is limited in carrying out their everyday activities at home can benefit from the program. Eligible work must promote the disabled person&#8217;s autonomy. The maximum financial assistance is $50,000.<\/p><p>Residents wishing to apply for the program must complete a registration form available from their <strong>Local Community Services Centre (CLSC).<\/strong><\/p><p>More information is available on the <a href=\"http:\/\/www.habitation.gouv.qc.ca\" target=\"_blank\" rel=\"noopener\">Soci\u00e9t\u00e9 d&#8217;habitation du Qu\u00e9bec.<\/a><\/p>\t\t\t\t\t\t\t\t<\/div>\n\t\t\t\t<\/div>\n\t\t\t\t\t<\/div>\n\t\t<\/div>\n\t\t\t\t\t<\/div>\n\t\t<\/section>\n\t\t\t\t<\/div>\n\t\t","protected":false},"excerpt":{"rendered":"<p>The City of Dollard-des-Ormeaux, as part of an agreement signed with the\u00a0Soci\u00e9t\u00e9 d\u2019habitation du Qu\u00e9bec, invites its residents to take advantage of home improvement programs. Eligibility for these programs is evaluated according to specific criteria. Residential adaptation assistance program (RAAP) The program is geared towards handicapped persons living in a residential unit that must be [&hellip;]<\/p>\n","protected":false},"author":1,"featured_media":20893,"parent":17239,"menu_order":0,"comment_status":"closed","ping_status":"closed","template":"","meta":{"_acf_changed":false,"inline_featured_image":false,"footnotes":""},"class_list":["post-17150","page","type-page","status-publish","has-post-thumbnail","hentry"],"acf":[],"yoast_head":"<!-- This site is optimized with the Yoast SEO plugin v27.4 - https:\/\/yoast.com\/product\/yoast-seo-wordpress\/ -->\n<title>Ville de Dollard-des-Ormeaux<\/title>\n<meta name=\"description\" content=\"The City of Dollard-des-Ormeaux, as part of an agreement signed with the\u00a0Soci\u00e9t\u00e9 d\u2019habitation du Qu\u00e9bec, invites its residents to take advantage of home\" \/>\n<meta name=\"robots\" content=\"index, follow, max-snippet:-1, max-image-preview:large, max-video-preview:-1\" \/>\n<link rel=\"canonical\" href=\"https:\/\/ville.ddo.qc.ca\/en\/live\/my-house\/home-renovation-grant\/\" \/>\n<meta property=\"og:locale\" content=\"en_US\" \/>\n<meta property=\"og:type\" content=\"article\" \/>\n<meta property=\"og:title\" content=\"Home renovation grant - Ville de Dollard-des-Ormeaux\" \/>\n<meta property=\"og:description\" content=\"The City of Dollard-des-Ormeaux, as part of an agreement signed with the\u00a0Soci\u00e9t\u00e9 d\u2019habitation du Qu\u00e9bec, invites its residents to take advantage of home\" \/>\n<meta property=\"og:url\" content=\"https:\/\/ville.ddo.qc.ca\/en\/live\/my-house\/home-renovation-grant\/\" \/>\n<meta property=\"og:site_name\" content=\"Ville de Dollard-des-Ormeaux\" \/>\n<meta property=\"article:publisher\" content=\"https:\/\/www.facebook.com\/DDOville\" \/>\n<meta property=\"article:modified_time\" content=\"2026-03-31T14:35:16+00:00\" \/>\n<meta property=\"og:image\" content=\"https:\/\/ville.ddo.qc.ca\/wp-content\/uploads\/2020\/11\/hands-engineer-working-blueprint-construction-concept-engineering-tools-vintage-tone-retro-filter-effect-soft-focus-selective-focus-scaled.jpg\" \/>\n\t<meta property=\"og:image:width\" content=\"1536\" \/>\n\t<meta property=\"og:image:height\" content=\"1024\" \/>\n\t<meta property=\"og:image:type\" content=\"image\/jpeg\" \/>\n<meta name=\"twitter:card\" content=\"summary_large_image\" \/>\n<meta name=\"twitter:label1\" content=\"Est. reading time\" \/>\n\t<meta name=\"twitter:data1\" content=\"1 minute\" \/>\n<script type=\"application\/ld+json\" class=\"yoast-schema-graph\">{\"@context\":\"https:\\\/\\\/schema.org\",\"@graph\":[{\"@type\":\"WebPage\",\"@id\":\"https:\\\/\\\/ville.ddo.qc.ca\\\/en\\\/live\\\/my-house\\\/home-renovation-grant\\\/\",\"url\":\"https:\\\/\\\/ville.ddo.qc.ca\\\/en\\\/live\\\/my-house\\\/home-renovation-grant\\\/\",\"name\":\"Home renovation grant - Ville de Dollard-des-Ormeaux\",\"isPartOf\":{\"@id\":\"https:\\\/\\\/ville.ddo.qc.ca\\\/en\\\/#website\"},\"primaryImageOfPage\":{\"@id\":\"https:\\\/\\\/ville.ddo.qc.ca\\\/en\\\/live\\\/my-house\\\/home-renovation-grant\\\/#primaryimage\"},\"image\":{\"@id\":\"https:\\\/\\\/ville.ddo.qc.ca\\\/en\\\/live\\\/my-house\\\/home-renovation-grant\\\/#primaryimage\"},\"thumbnailUrl\":\"https:\\\/\\\/ville.ddo.qc.ca\\\/wp-content\\\/uploads\\\/2020\\\/11\\\/hands-engineer-working-blueprint-construction-concept-engineering-tools-vintage-tone-retro-filter-effect-soft-focus-selective-focus-scaled.jpg\",\"datePublished\":\"2020-07-17T18:06:41+00:00\",\"dateModified\":\"2026-03-31T14:35:16+00:00\",\"description\":\"The City of Dollard-des-Ormeaux, as part of an agreement signed with the\u00a0Soci\u00e9t\u00e9 d\u2019habitation du Qu\u00e9bec, invites its residents to take advantage of home\",\"breadcrumb\":{\"@id\":\"https:\\\/\\\/ville.ddo.qc.ca\\\/en\\\/live\\\/my-house\\\/home-renovation-grant\\\/#breadcrumb\"},\"inLanguage\":\"en-CA\",\"potentialAction\":[{\"@type\":\"ReadAction\",\"target\":[\"https:\\\/\\\/ville.ddo.qc.ca\\\/en\\\/live\\\/my-house\\\/home-renovation-grant\\\/\"]}]},{\"@type\":\"ImageObject\",\"inLanguage\":\"en-CA\",\"@id\":\"https:\\\/\\\/ville.ddo.qc.ca\\\/en\\\/live\\\/my-house\\\/home-renovation-grant\\\/#primaryimage\",\"url\":\"https:\\\/\\\/ville.ddo.qc.ca\\\/wp-content\\\/uploads\\\/2020\\\/11\\\/hands-engineer-working-blueprint-construction-concept-engineering-tools-vintage-tone-retro-filter-effect-soft-focus-selective-focus-scaled.jpg\",\"contentUrl\":\"https:\\\/\\\/ville.ddo.qc.ca\\\/wp-content\\\/uploads\\\/2020\\\/11\\\/hands-engineer-working-blueprint-construction-concept-engineering-tools-vintage-tone-retro-filter-effect-soft-focus-selective-focus-scaled.jpg\",\"width\":1536,\"height\":1024,\"caption\":\"Hands of Engineer working on blueprint,Construction concept. Engineering tools.Vintage tone retro filter effect,soft focus(selective focus)\"},{\"@type\":\"BreadcrumbList\",\"@id\":\"https:\\\/\\\/ville.ddo.qc.ca\\\/en\\\/live\\\/my-house\\\/home-renovation-grant\\\/#breadcrumb\",\"itemListElement\":[{\"@type\":\"ListItem\",\"position\":1,\"name\":\"Home\",\"item\":\"https:\\\/\\\/ville.ddo.qc.ca\\\/\"},{\"@type\":\"ListItem\",\"position\":2,\"name\":\"Live\",\"item\":\"https:\\\/\\\/ville.ddo.qc.ca\\\/en\\\/live\\\/\"},{\"@type\":\"ListItem\",\"position\":3,\"name\":\"My house\",\"item\":\"https:\\\/\\\/ville.ddo.qc.ca\\\/en\\\/live\\\/my-house\\\/\"},{\"@type\":\"ListItem\",\"position\":4,\"name\":\"Home renovation grant\"}]},{\"@type\":\"WebSite\",\"@id\":\"https:\\\/\\\/ville.ddo.qc.ca\\\/en\\\/#website\",\"url\":\"https:\\\/\\\/ville.ddo.qc.ca\\\/en\\\/\",\"name\":\"Ville de Dollard-des-Ormeaux\",\"description\":\"\",\"publisher\":{\"@id\":\"https:\\\/\\\/ville.ddo.qc.ca\\\/en\\\/#organization\"},\"potentialAction\":[{\"@type\":\"SearchAction\",\"target\":{\"@type\":\"EntryPoint\",\"urlTemplate\":\"https:\\\/\\\/ville.ddo.qc.ca\\\/en\\\/?s={search_term_string}\"},\"query-input\":{\"@type\":\"PropertyValueSpecification\",\"valueRequired\":true,\"valueName\":\"search_term_string\"}}],\"inLanguage\":\"en-CA\"},{\"@type\":\"Organization\",\"@id\":\"https:\\\/\\\/ville.ddo.qc.ca\\\/en\\\/#organization\",\"name\":\"Dollard-des-Ormeaux\",\"url\":\"https:\\\/\\\/ville.ddo.qc.ca\\\/en\\\/\",\"logo\":{\"@type\":\"ImageObject\",\"inLanguage\":\"en-CA\",\"@id\":\"https:\\\/\\\/ville.ddo.qc.ca\\\/en\\\/#\\\/schema\\\/logo\\\/image\\\/\",\"url\":\"https:\\\/\\\/ville.ddo.qc.ca\\\/wp-content\\\/uploads\\\/2021\\\/03\\\/Logo-DDO-bleu3-02-02-1.svg\",\"contentUrl\":\"https:\\\/\\\/ville.ddo.qc.ca\\\/wp-content\\\/uploads\\\/2021\\\/03\\\/Logo-DDO-bleu3-02-02-1.svg\",\"width\":228,\"height\":95,\"caption\":\"Dollard-des-Ormeaux\"},\"image\":{\"@id\":\"https:\\\/\\\/ville.ddo.qc.ca\\\/en\\\/#\\\/schema\\\/logo\\\/image\\\/\"},\"sameAs\":[\"https:\\\/\\\/www.facebook.com\\\/DDOville\"]}]}<\/script>\n<!-- \/ Yoast SEO plugin. -->","yoast_head_json":{"title":"Ville de Dollard-des-Ormeaux","description":"The City of Dollard-des-Ormeaux, as part of an agreement signed with the\u00a0Soci\u00e9t\u00e9 d\u2019habitation du Qu\u00e9bec, invites its residents to take advantage of home","robots":{"index":"index","follow":"follow","max-snippet":"max-snippet:-1","max-image-preview":"max-image-preview:large","max-video-preview":"max-video-preview:-1"},"canonical":"https:\/\/ville.ddo.qc.ca\/en\/live\/my-house\/home-renovation-grant\/","og_locale":"en_US","og_type":"article","og_title":"Home renovation grant - Ville de Dollard-des-Ormeaux","og_description":"The City of Dollard-des-Ormeaux, as part of an agreement signed with the\u00a0Soci\u00e9t\u00e9 d\u2019habitation du Qu\u00e9bec, invites its residents to take advantage of home","og_url":"https:\/\/ville.ddo.qc.ca\/en\/live\/my-house\/home-renovation-grant\/","og_site_name":"Ville de Dollard-des-Ormeaux","article_publisher":"https:\/\/www.facebook.com\/DDOville","article_modified_time":"2026-03-31T14:35:16+00:00","og_image":[{"width":1536,"height":1024,"url":"https:\/\/ville.ddo.qc.ca\/wp-content\/uploads\/2020\/11\/hands-engineer-working-blueprint-construction-concept-engineering-tools-vintage-tone-retro-filter-effect-soft-focus-selective-focus-scaled.jpg","type":"image\/jpeg"}],"twitter_card":"summary_large_image","twitter_misc":{"Est. reading time":"1 minute"},"schema":{"@context":"https:\/\/schema.org","@graph":[{"@type":"WebPage","@id":"https:\/\/ville.ddo.qc.ca\/en\/live\/my-house\/home-renovation-grant\/","url":"https:\/\/ville.ddo.qc.ca\/en\/live\/my-house\/home-renovation-grant\/","name":"Home renovation grant - Ville de Dollard-des-Ormeaux","isPartOf":{"@id":"https:\/\/ville.ddo.qc.ca\/en\/#website"},"primaryImageOfPage":{"@id":"https:\/\/ville.ddo.qc.ca\/en\/live\/my-house\/home-renovation-grant\/#primaryimage"},"image":{"@id":"https:\/\/ville.ddo.qc.ca\/en\/live\/my-house\/home-renovation-grant\/#primaryimage"},"thumbnailUrl":"https:\/\/ville.ddo.qc.ca\/wp-content\/uploads\/2020\/11\/hands-engineer-working-blueprint-construction-concept-engineering-tools-vintage-tone-retro-filter-effect-soft-focus-selective-focus-scaled.jpg","datePublished":"2020-07-17T18:06:41+00:00","dateModified":"2026-03-31T14:35:16+00:00","description":"The City of Dollard-des-Ormeaux, as part of an agreement signed with the\u00a0Soci\u00e9t\u00e9 d\u2019habitation du Qu\u00e9bec, invites its residents to take advantage of home","breadcrumb":{"@id":"https:\/\/ville.ddo.qc.ca\/en\/live\/my-house\/home-renovation-grant\/#breadcrumb"},"inLanguage":"en-CA","potentialAction":[{"@type":"ReadAction","target":["https:\/\/ville.ddo.qc.ca\/en\/live\/my-house\/home-renovation-grant\/"]}]},{"@type":"ImageObject","inLanguage":"en-CA","@id":"https:\/\/ville.ddo.qc.ca\/en\/live\/my-house\/home-renovation-grant\/#primaryimage","url":"https:\/\/ville.ddo.qc.ca\/wp-content\/uploads\/2020\/11\/hands-engineer-working-blueprint-construction-concept-engineering-tools-vintage-tone-retro-filter-effect-soft-focus-selective-focus-scaled.jpg","contentUrl":"https:\/\/ville.ddo.qc.ca\/wp-content\/uploads\/2020\/11\/hands-engineer-working-blueprint-construction-concept-engineering-tools-vintage-tone-retro-filter-effect-soft-focus-selective-focus-scaled.jpg","width":1536,"height":1024,"caption":"Hands of Engineer working on blueprint,Construction concept. Engineering tools.Vintage tone retro filter effect,soft focus(selective focus)"},{"@type":"BreadcrumbList","@id":"https:\/\/ville.ddo.qc.ca\/en\/live\/my-house\/home-renovation-grant\/#breadcrumb","itemListElement":[{"@type":"ListItem","position":1,"name":"Home","item":"https:\/\/ville.ddo.qc.ca\/"},{"@type":"ListItem","position":2,"name":"Live","item":"https:\/\/ville.ddo.qc.ca\/en\/live\/"},{"@type":"ListItem","position":3,"name":"My house","item":"https:\/\/ville.ddo.qc.ca\/en\/live\/my-house\/"},{"@type":"ListItem","position":4,"name":"Home renovation grant"}]},{"@type":"WebSite","@id":"https:\/\/ville.ddo.qc.ca\/en\/#website","url":"https:\/\/ville.ddo.qc.ca\/en\/","name":"Ville de Dollard-des-Ormeaux","description":"","publisher":{"@id":"https:\/\/ville.ddo.qc.ca\/en\/#organization"},"potentialAction":[{"@type":"SearchAction","target":{"@type":"EntryPoint","urlTemplate":"https:\/\/ville.ddo.qc.ca\/en\/?s={search_term_string}"},"query-input":{"@type":"PropertyValueSpecification","valueRequired":true,"valueName":"search_term_string"}}],"inLanguage":"en-CA"},{"@type":"Organization","@id":"https:\/\/ville.ddo.qc.ca\/en\/#organization","name":"Dollard-des-Ormeaux","url":"https:\/\/ville.ddo.qc.ca\/en\/","logo":{"@type":"ImageObject","inLanguage":"en-CA","@id":"https:\/\/ville.ddo.qc.ca\/en\/#\/schema\/logo\/image\/","url":"https:\/\/ville.ddo.qc.ca\/wp-content\/uploads\/2021\/03\/Logo-DDO-bleu3-02-02-1.svg","contentUrl":"https:\/\/ville.ddo.qc.ca\/wp-content\/uploads\/2021\/03\/Logo-DDO-bleu3-02-02-1.svg","width":228,"height":95,"caption":"Dollard-des-Ormeaux"},"image":{"@id":"https:\/\/ville.ddo.qc.ca\/en\/#\/schema\/logo\/image\/"},"sameAs":["https:\/\/www.facebook.com\/DDOville"]}]}},"publishpress_future_action":{"enabled":false,"date":"2026-04-23 11:43:36","action":"change-status","newStatus":"draft","terms":[],"taxonomy":"translation_priority","extraData":[]},"publishpress_future_workflow_manual_trigger":{"enabledWorkflows":[]},"_links":{"self":[{"href":"https:\/\/ville.ddo.qc.ca\/en\/wp-json\/wp\/v2\/pages\/17150","targetHints":{"allow":["GET"]}}],"collection":[{"href":"https:\/\/ville.ddo.qc.ca\/en\/wp-json\/wp\/v2\/pages"}],"about":[{"href":"https:\/\/ville.ddo.qc.ca\/en\/wp-json\/wp\/v2\/types\/page"}],"author":[{"embeddable":true,"href":"https:\/\/ville.ddo.qc.ca\/en\/wp-json\/wp\/v2\/users\/1"}],"replies":[{"embeddable":true,"href":"https:\/\/ville.ddo.qc.ca\/en\/wp-json\/wp\/v2\/comments?post=17150"}],"version-history":[{"count":0,"href":"https:\/\/ville.ddo.qc.ca\/en\/wp-json\/wp\/v2\/pages\/17150\/revisions"}],"up":[{"embeddable":true,"href":"https:\/\/ville.ddo.qc.ca\/en\/wp-json\/wp\/v2\/pages\/17239"}],"wp:featuredmedia":[{"embeddable":true,"href":"https:\/\/ville.ddo.qc.ca\/en\/wp-json\/wp\/v2\/media\/20893"}],"wp:attachment":[{"href":"https:\/\/ville.ddo.qc.ca\/en\/wp-json\/wp\/v2\/media?parent=17150"}],"curies":[{"name":"wp","href":"https:\/\/api.w.org\/{rel}","templated":true}]}}