{"id":17171,"date":"2020-07-17T17:59:22","date_gmt":"2020-07-17T17:59:22","guid":{"rendered":"https:\/\/ville.ddo.qc.ca\/?page_id=17171"},"modified":"2021-03-24T17:51:14","modified_gmt":"2021-03-24T17:51:14","slug":"senior-homes","status":"publish","type":"page","link":"https:\/\/ville.ddo.qc.ca\/en\/live\/community-and-institutions\/senior-homes\/","title":{"rendered":"Senior homes"},"content":{"rendered":"\t\t<div data-elementor-type=\"wp-page\" data-elementor-id=\"17171\" class=\"elementor elementor-17171 elementor-323\" data-elementor-post-type=\"page\">\n\t\t\t\t\t\t<section class=\"elementor-section elementor-top-section elementor-element elementor-element-dc88973 elementor-section-boxed elementor-section-height-default elementor-section-height-default\" data-id=\"dc88973\" data-element_type=\"section\" data-e-type=\"section\">\n\t\t\t\t\t\t<div class=\"elementor-container elementor-column-gap-default\">\n\t\t\t\t\t<div class=\"elementor-column elementor-col-100 elementor-top-column elementor-element elementor-element-26753b5\" data-id=\"26753b5\" data-element_type=\"column\" data-e-type=\"column\">\n\t\t\t<div class=\"elementor-widget-wrap elementor-element-populated\">\n\t\t\t\t\t\t<div class=\"elementor-element elementor-element-2aa6f74 elementor-widget elementor-widget-heading\" data-id=\"2aa6f74\" data-element_type=\"widget\" data-e-type=\"widget\" data-widget_type=\"heading.default\">\n\t\t\t\t<div class=\"elementor-widget-container\">\n\t\t\t\t\t<h1 class=\"elementor-heading-title elementor-size-default\">Residences and nursing homes for seniors<\/h1>\t\t\t\t<\/div>\n\t\t\t\t<\/div>\n\t\t\t\t\t<\/div>\n\t\t<\/div>\n\t\t\t\t\t<\/div>\n\t\t<\/section>\n\t\t\t\t<section class=\"elementor-section elementor-top-section elementor-element elementor-element-80c8423 elementor-section-boxed elementor-section-height-default elementor-section-height-default\" data-id=\"80c8423\" data-element_type=\"section\" data-e-type=\"section\">\n\t\t\t\t\t\t<div class=\"elementor-container elementor-column-gap-default\">\n\t\t\t\t\t<div class=\"elementor-column elementor-col-33 elementor-top-column elementor-element elementor-element-9de5527\" data-id=\"9de5527\" data-element_type=\"column\" data-e-type=\"column\" data-settings=\"{&quot;background_background&quot;:&quot;classic&quot;}\">\n\t\t\t<div class=\"elementor-widget-wrap elementor-element-populated\">\n\t\t\t\t\t\t<div class=\"elementor-element elementor-element-adfdeb9 elementor-align-start elementor-icon-list--layout-traditional elementor-list-item-link-full_width elementor-widget elementor-widget-icon-list\" data-id=\"adfdeb9\" data-element_type=\"widget\" data-e-type=\"widget\" data-widget_type=\"icon-list.default\">\n\t\t\t\t<div class=\"elementor-widget-container\">\n\t\t\t\t\t\t\t<ul class=\"elementor-icon-list-items\">\n\t\t\t\t\t\t\t<li class=\"elementor-icon-list-item\">\n\t\t\t\t\t\t\t\t\t\t<span class=\"elementor-icon-list-text\"><b>Bonjour r\u00e9sidences<\/b><\/span>\n\t\t\t\t\t\t\t\t\t<\/li>\n\t\t\t\t\t\t\t\t<li class=\"elementor-icon-list-item\">\n\t\t\t\t\t\t\t\t\t\t\t<a href=\"https:\/\/bonjourresidences.com\/en\/retirement-homes\/montreal\/dollard-des-ormeaux\/\" target=\"_blank\">\n\n\t\t\t\t\t\t\t\t\t\t\t\t<span class=\"elementor-icon-list-icon\">\n\t\t\t\t\t\t\t<i aria-hidden=\"true\" class=\"fas fa-external-link-alt\"><\/i>\t\t\t\t\t\t<\/span>\n\t\t\t\t\t\t\t\t\t\t<span class=\"elementor-icon-list-text\">bonjourresidences.com<\/span>\n\t\t\t\t\t\t\t\t\t\t\t<\/a>\n\t\t\t\t\t\t\t\t\t<\/li>\n\t\t\t\t\t\t<\/ul>\n\t\t\t\t\t\t<\/div>\n\t\t\t\t<\/div>\n\t\t\t\t\t<\/div>\n\t\t<\/div>\n\t\t\t\t<div class=\"elementor-column elementor-col-33 elementor-top-column elementor-element elementor-element-001645f\" data-id=\"001645f\" data-element_type=\"column\" data-e-type=\"column\" data-settings=\"{&quot;background_background&quot;:&quot;classic&quot;}\">\n\t\t\t<div class=\"elementor-widget-wrap elementor-element-populated\">\n\t\t\t\t\t\t<div class=\"elementor-element elementor-element-5ecd9a2 elementor-icon-list--layout-traditional elementor-list-item-link-full_width elementor-widget elementor-widget-icon-list\" data-id=\"5ecd9a2\" data-element_type=\"widget\" data-e-type=\"widget\" data-widget_type=\"icon-list.default\">\n\t\t\t\t<div class=\"elementor-widget-container\">\n\t\t\t\t\t\t\t<ul class=\"elementor-icon-list-items\">\n\t\t\t\t\t\t\t<li class=\"elementor-icon-list-item\">\n\t\t\t\t\t\t\t\t\t\t<span class=\"elementor-icon-list-text\"><b>Centre d\u2019h\u00e9bergement et soins de longue dur\u00e9e Vigi Dollard <\/b><\/span>\n\t\t\t\t\t\t\t\t\t<\/li>\n\t\t\t\t\t\t\t\t<li class=\"elementor-icon-list-item\">\n\t\t\t\t\t\t\t\t\t\t\t<span class=\"elementor-icon-list-icon\">\n\t\t\t\t\t\t\t<i aria-hidden=\"true\" class=\"fas fa-home\"><\/i>\t\t\t\t\t\t<\/span>\n\t\t\t\t\t\t\t\t\t\t<span class=\"elementor-icon-list-text\">197,  Thornhill <\/span>\n\t\t\t\t\t\t\t\t\t<\/li>\n\t\t\t\t\t\t\t\t<li class=\"elementor-icon-list-item\">\n\t\t\t\t\t\t\t\t\t\t\t<span class=\"elementor-icon-list-icon\">\n\t\t\t\t\t\t\t<i aria-hidden=\"true\" class=\"fas fa-phone-volume\"><\/i>\t\t\t\t\t\t<\/span>\n\t\t\t\t\t\t\t\t\t\t<span class=\"elementor-icon-list-text\">514 684-0173<\/span>\n\t\t\t\t\t\t\t\t\t<\/li>\n\t\t\t\t\t\t<\/ul>\n\t\t\t\t\t\t<\/div>\n\t\t\t\t<\/div>\n\t\t\t\t\t<\/div>\n\t\t<\/div>\n\t\t\t\t<div class=\"elementor-column elementor-col-33 elementor-top-column elementor-element elementor-element-051467f\" data-id=\"051467f\" data-element_type=\"column\" data-e-type=\"column\" data-settings=\"{&quot;background_background&quot;:&quot;classic&quot;}\">\n\t\t\t<div class=\"elementor-widget-wrap elementor-element-populated\">\n\t\t\t\t\t\t<div class=\"elementor-element elementor-element-825d7bd elementor-align-start elementor-icon-list--layout-traditional elementor-list-item-link-full_width elementor-widget elementor-widget-icon-list\" data-id=\"825d7bd\" data-element_type=\"widget\" data-e-type=\"widget\" data-widget_type=\"icon-list.default\">\n\t\t\t\t<div class=\"elementor-widget-container\">\n\t\t\t\t\t\t\t<ul class=\"elementor-icon-list-items\">\n\t\t\t\t\t\t\t<li class=\"elementor-icon-list-item\">\n\t\t\t\t\t\t\t\t\t\t<span class=\"elementor-icon-list-text\"><b>Ch\u00e2teau Dollard<\/b><\/span>\n\t\t\t\t\t\t\t\t\t<\/li>\n\t\t\t\t\t\t\t\t<li class=\"elementor-icon-list-item\">\n\t\t\t\t\t\t\t\t\t\t\t<span class=\"elementor-icon-list-icon\">\n\t\t\t\t\t\t\t<i aria-hidden=\"true\" class=\"fas fa-home\"><\/i>\t\t\t\t\t\t<\/span>\n\t\t\t\t\t\t\t\t\t\t<span class=\"elementor-icon-list-text\">1055, Tecumseh<\/span>\n\t\t\t\t\t\t\t\t\t<\/li>\n\t\t\t\t\t\t\t\t<li class=\"elementor-icon-list-item\">\n\t\t\t\t\t\t\t\t\t\t\t<span class=\"elementor-icon-list-icon\">\n\t\t\t\t\t\t\t<i aria-hidden=\"true\" class=\"fas fa-phone-volume\"><\/i>\t\t\t\t\t\t<\/span>\n\t\t\t\t\t\t\t\t\t\t<span class=\"elementor-icon-list-text\">514 685-4444<br><\/span>\n\t\t\t\t\t\t\t\t\t<\/li>\n\t\t\t\t\t\t<\/ul>\n\t\t\t\t\t\t<\/div>\n\t\t\t\t<\/div>\n\t\t\t\t\t<\/div>\n\t\t<\/div>\n\t\t\t\t\t<\/div>\n\t\t<\/section>\n\t\t\t\t<section class=\"elementor-section elementor-top-section elementor-element elementor-element-1cfd11d elementor-section-boxed elementor-section-height-default elementor-section-height-default\" data-id=\"1cfd11d\" data-element_type=\"section\" data-e-type=\"section\">\n\t\t\t\t\t\t<div class=\"elementor-container elementor-column-gap-default\">\n\t\t\t\t\t<div class=\"elementor-column elementor-col-33 elementor-top-column elementor-element elementor-element-3068a8a\" data-id=\"3068a8a\" data-element_type=\"column\" data-e-type=\"column\" data-settings=\"{&quot;background_background&quot;:&quot;classic&quot;}\">\n\t\t\t<div class=\"elementor-widget-wrap elementor-element-populated\">\n\t\t\t\t\t\t<div class=\"elementor-element elementor-element-36ebbf1 elementor-icon-list--layout-traditional elementor-list-item-link-full_width elementor-widget elementor-widget-icon-list\" data-id=\"36ebbf1\" data-element_type=\"widget\" data-e-type=\"widget\" data-widget_type=\"icon-list.default\">\n\t\t\t\t<div class=\"elementor-widget-container\">\n\t\t\t\t\t\t\t<ul class=\"elementor-icon-list-items\">\n\t\t\t\t\t\t\t<li class=\"elementor-icon-list-item\">\n\t\t\t\t\t\t\t\t\t\t<span class=\"elementor-icon-list-text\"><b>Ch\u00e2teau Royal<\/b><\/span>\n\t\t\t\t\t\t\t\t\t<\/li>\n\t\t\t\t\t\t\t\t<li class=\"elementor-icon-list-item\">\n\t\t\t\t\t\t\t\t\t\t\t<span class=\"elementor-icon-list-icon\">\n\t\t\t\t\t\t\t<i aria-hidden=\"true\" class=\"fas fa-home\"><\/i>\t\t\t\t\t\t<\/span>\n\t\t\t\t\t\t\t\t\t\t<span class=\"elementor-icon-list-text\">185, Thornhill<\/span>\n\t\t\t\t\t\t\t\t\t<\/li>\n\t\t\t\t\t\t\t\t<li class=\"elementor-icon-list-item\">\n\t\t\t\t\t\t\t\t\t\t\t<span class=\"elementor-icon-list-icon\">\n\t\t\t\t\t\t\t<i aria-hidden=\"true\" class=\"fas fa-phone-volume\"><\/i>\t\t\t\t\t\t<\/span>\n\t\t\t\t\t\t\t\t\t\t<span class=\"elementor-icon-list-text\">514 685-5548<\/span>\n\t\t\t\t\t\t\t\t\t<\/li>\n\t\t\t\t\t\t<\/ul>\n\t\t\t\t\t\t<\/div>\n\t\t\t\t<\/div>\n\t\t\t\t\t<\/div>\n\t\t<\/div>\n\t\t\t\t<div class=\"elementor-column elementor-col-33 elementor-top-column elementor-element elementor-element-23c278d\" data-id=\"23c278d\" data-element_type=\"column\" data-e-type=\"column\" data-settings=\"{&quot;background_background&quot;:&quot;classic&quot;}\">\n\t\t\t<div class=\"elementor-widget-wrap elementor-element-populated\">\n\t\t\t\t\t\t<div class=\"elementor-element elementor-element-63483b8 elementor-icon-list--layout-traditional elementor-list-item-link-full_width elementor-widget elementor-widget-icon-list\" data-id=\"63483b8\" data-element_type=\"widget\" data-e-type=\"widget\" data-widget_type=\"icon-list.default\">\n\t\t\t\t<div class=\"elementor-widget-container\">\n\t\t\t\t\t\t\t<ul class=\"elementor-icon-list-items\">\n\t\t\t\t\t\t\t<li class=\"elementor-icon-list-item\">\n\t\t\t\t\t\t\t\t\t\t<span class=\"elementor-icon-list-text\"><b>R\u00e9sidence Des Sources<\/b> <\/span>\n\t\t\t\t\t\t\t\t\t<\/li>\n\t\t\t\t\t\t\t\t<li class=\"elementor-icon-list-item\">\n\t\t\t\t\t\t\t\t\t\t\t<span class=\"elementor-icon-list-icon\">\n\t\t\t\t\t\t\t<i aria-hidden=\"true\" class=\"fas fa-home\"><\/i>\t\t\t\t\t\t<\/span>\n\t\t\t\t\t\t\t\t\t\t<span class=\"elementor-icon-list-text\"> 4200, boulevard des Sources<\/span>\n\t\t\t\t\t\t\t\t\t<\/li>\n\t\t\t\t\t\t\t\t<li class=\"elementor-icon-list-item\">\n\t\t\t\t\t\t\t\t\t\t\t<span class=\"elementor-icon-list-icon\">\n\t\t\t\t\t\t\t<i aria-hidden=\"true\" class=\"fas fa-phone-volume\"><\/i>\t\t\t\t\t\t<\/span>\n\t\t\t\t\t\t\t\t\t\t<span class=\"elementor-icon-list-text\">514 683-2323<\/span>\n\t\t\t\t\t\t\t\t\t<\/li>\n\t\t\t\t\t\t<\/ul>\n\t\t\t\t\t\t<\/div>\n\t\t\t\t<\/div>\n\t\t\t\t\t<\/div>\n\t\t<\/div>\n\t\t\t\t<div class=\"elementor-column elementor-col-33 elementor-top-column elementor-element elementor-element-ffcac8f\" data-id=\"ffcac8f\" data-element_type=\"column\" data-e-type=\"column\" data-settings=\"{&quot;background_background&quot;:&quot;classic&quot;}\">\n\t\t\t<div class=\"elementor-widget-wrap elementor-element-populated\">\n\t\t\t\t\t\t<div class=\"elementor-element elementor-element-630cb2a elementor-icon-list--layout-traditional elementor-list-item-link-full_width elementor-widget elementor-widget-icon-list\" data-id=\"630cb2a\" data-element_type=\"widget\" data-e-type=\"widget\" data-widget_type=\"icon-list.default\">\n\t\t\t\t<div class=\"elementor-widget-container\">\n\t\t\t\t\t\t\t<ul class=\"elementor-icon-list-items\">\n\t\t\t\t\t\t\t<li class=\"elementor-icon-list-item\">\n\t\t\t\t\t\t\t\t\t\t<span class=\"elementor-icon-list-text\"><b>R\u00e9sidence Soleil Manoir <br>Dollard-des-Ormeaux <\/b><\/span>\n\t\t\t\t\t\t\t\t\t<\/li>\n\t\t\t\t\t\t\t\t<li class=\"elementor-icon-list-item\">\n\t\t\t\t\t\t\t\t\t\t\t<span class=\"elementor-icon-list-icon\">\n\t\t\t\t\t\t\t<i aria-hidden=\"true\" class=\"fas fa-home\"><\/i>\t\t\t\t\t\t<\/span>\n\t\t\t\t\t\t\t\t\t\t<span class=\"elementor-icon-list-text\"> 53, Hasting <\/span>\n\t\t\t\t\t\t\t\t\t<\/li>\n\t\t\t\t\t\t\t\t<li class=\"elementor-icon-list-item\">\n\t\t\t\t\t\t\t\t\t\t\t<span class=\"elementor-icon-list-icon\">\n\t\t\t\t\t\t\t<i aria-hidden=\"true\" class=\"fas fa-phone-volume\"><\/i>\t\t\t\t\t\t<\/span>\n\t\t\t\t\t\t\t\t\t\t<span class=\"elementor-icon-list-text\">514 620-4522<\/span>\n\t\t\t\t\t\t\t\t\t<\/li>\n\t\t\t\t\t\t<\/ul>\n\t\t\t\t\t\t<\/div>\n\t\t\t\t<\/div>\n\t\t\t\t\t<\/div>\n\t\t<\/div>\n\t\t\t\t\t<\/div>\n\t\t<\/section>\n\t\t\t\t<section class=\"elementor-section elementor-top-section elementor-element elementor-element-074d59e elementor-section-boxed elementor-section-height-default elementor-section-height-default\" data-id=\"074d59e\" data-element_type=\"section\" data-e-type=\"section\">\n\t\t\t\t\t\t<div class=\"elementor-container elementor-column-gap-default\">\n\t\t\t\t\t<div class=\"elementor-column elementor-col-100 elementor-top-column elementor-element elementor-element-2e19086\" data-id=\"2e19086\" data-element_type=\"column\" data-e-type=\"column\" data-settings=\"{&quot;background_background&quot;:&quot;classic&quot;}\">\n\t\t\t<div class=\"elementor-widget-wrap elementor-element-populated\">\n\t\t\t\t\t\t<div class=\"elementor-element elementor-element-0651f27 elementor-icon-list--layout-traditional elementor-list-item-link-full_width elementor-widget elementor-widget-icon-list\" data-id=\"0651f27\" data-element_type=\"widget\" data-e-type=\"widget\" data-widget_type=\"icon-list.default\">\n\t\t\t\t<div class=\"elementor-widget-container\">\n\t\t\t\t\t\t\t<ul class=\"elementor-icon-list-items\">\n\t\t\t\t\t\t\t<li class=\"elementor-icon-list-item\">\n\t\t\t\t\t\t\t\t\t\t<span class=\"elementor-icon-list-text\"><b>Sunrise of Dollard-des-Ormeaux<\/b><\/span>\n\t\t\t\t\t\t\t\t\t<\/li>\n\t\t\t\t\t\t\t\t<li class=\"elementor-icon-list-item\">\n\t\t\t\t\t\t\t\t\t\t\t<span class=\"elementor-icon-list-icon\">\n\t\t\t\t\t\t\t<i aria-hidden=\"true\" class=\"fas fa-home\"><\/i>\t\t\t\t\t\t<\/span>\n\t\t\t\t\t\t\t\t\t\t<span class=\"elementor-icon-list-text\">4377, boulevard Saint-Jean <\/span>\n\t\t\t\t\t\t\t\t\t<\/li>\n\t\t\t\t\t\t\t\t<li class=\"elementor-icon-list-item\">\n\t\t\t\t\t\t\t\t\t\t\t<span class=\"elementor-icon-list-icon\">\n\t\t\t\t\t\t\t<i aria-hidden=\"true\" class=\"fas fa-phone-volume\"><\/i>\t\t\t\t\t\t<\/span>\n\t\t\t\t\t\t\t\t\t\t<span class=\"elementor-icon-list-text\">514 620-4556<\/span>\n\t\t\t\t\t\t\t\t\t<\/li>\n\t\t\t\t\t\t<\/ul>\n\t\t\t\t\t\t<\/div>\n\t\t\t\t<\/div>\n\t\t\t\t\t<\/div>\n\t\t<\/div>\n\t\t\t\t<div class=\"elementor-column elementor-col-100 elementor-top-column elementor-element elementor-element-d692940\" data-id=\"d692940\" data-element_type=\"column\" data-e-type=\"column\">\n\t\t\t<div class=\"elementor-widget-wrap\">\n\t\t\t\t\t\t\t<\/div>\n\t\t<\/div>\n\t\t\t\t<div class=\"elementor-column elementor-col-100 elementor-top-column elementor-element elementor-element-37016e8\" data-id=\"37016e8\" data-element_type=\"column\" data-e-type=\"column\">\n\t\t\t<div class=\"elementor-widget-wrap\">\n\t\t\t\t\t\t\t<\/div>\n\t\t<\/div>\n\t\t\t\t\t<\/div>\n\t\t<\/section>\n\t\t\t\t<\/div>\n\t\t","protected":false},"excerpt":{"rendered":"<p>Residences and nursing homes for seniors Bonjour r\u00e9sidences bonjourresidences.com Centre d\u2019h\u00e9bergement et soins de longue dur\u00e9e Vigi Dollard 197, Thornhill 514 684-0173 Ch\u00e2teau Dollard 1055, Tecumseh 514 685-4444 Ch\u00e2teau Royal 185, Thornhill 514 685-5548 R\u00e9sidence Des Sources 4200, boulevard des Sources 514 683-2323 R\u00e9sidence Soleil Manoir Dollard-des-Ormeaux 53, Hasting 514 620-4522 Sunrise of Dollard-des-Ormeaux 4377, [&hellip;]<\/p>\n","protected":false},"author":1,"featured_media":20539,"parent":17237,"menu_order":0,"comment_status":"closed","ping_status":"closed","template":"","meta":{"_acf_changed":false,"inline_featured_image":false,"footnotes":""},"class_list":["post-17171","page","type-page","status-publish","has-post-thumbnail","hentry"],"acf":[],"yoast_head":"<!-- This site is optimized with the Yoast SEO plugin v27.4 - https:\/\/yoast.com\/product\/yoast-seo-wordpress\/ -->\n<title>Ville de Dollard-des-Ormeaux<\/title>\n<meta name=\"description\" content=\"Residences and nursing homes for seniors Bonjour r\u00e9sidences bonjourresidences.com Centre d\u2019h\u00e9bergement et soins de longue dur\u00e9e Vigi Dollard 197,\" \/>\n<meta name=\"robots\" content=\"index, follow, max-snippet:-1, max-image-preview:large, max-video-preview:-1\" \/>\n<link rel=\"canonical\" href=\"https:\/\/ville.ddo.qc.ca\/en\/live\/community-and-institutions\/senior-homes\/\" \/>\n<meta property=\"og:locale\" content=\"en_US\" \/>\n<meta property=\"og:type\" content=\"article\" \/>\n<meta property=\"og:title\" content=\"Senior homes - Ville de Dollard-des-Ormeaux\" \/>\n<meta property=\"og:description\" content=\"Residences and nursing homes for seniors Bonjour r\u00e9sidences bonjourresidences.com Centre d\u2019h\u00e9bergement et soins de longue dur\u00e9e Vigi Dollard 197,\" \/>\n<meta property=\"og:url\" content=\"https:\/\/ville.ddo.qc.ca\/en\/live\/community-and-institutions\/senior-homes\/\" \/>\n<meta property=\"og:site_name\" content=\"Ville de Dollard-des-Ormeaux\" \/>\n<meta property=\"article:publisher\" content=\"https:\/\/www.facebook.com\/DDOville\" \/>\n<meta property=\"article:modified_time\" content=\"2021-03-24T17:51:14+00:00\" \/>\n<meta property=\"og:image\" content=\"https:\/\/ville.ddo.qc.ca\/wp-content\/uploads\/2020\/11\/nurse-holding-senior-man-s-hands-empathy-scaled.jpg\" \/>\n\t<meta property=\"og:image:width\" content=\"1536\" \/>\n\t<meta property=\"og:image:height\" content=\"1024\" \/>\n\t<meta property=\"og:image:type\" content=\"image\/jpeg\" \/>\n<meta name=\"twitter:card\" content=\"summary_large_image\" \/>\n<meta name=\"twitter:label1\" content=\"Est. reading time\" \/>\n\t<meta name=\"twitter:data1\" content=\"1 minute\" \/>\n<script type=\"application\/ld+json\" class=\"yoast-schema-graph\">{\"@context\":\"https:\\\/\\\/schema.org\",\"@graph\":[{\"@type\":\"WebPage\",\"@id\":\"https:\\\/\\\/ville.ddo.qc.ca\\\/en\\\/live\\\/community-and-institutions\\\/senior-homes\\\/\",\"url\":\"https:\\\/\\\/ville.ddo.qc.ca\\\/en\\\/live\\\/community-and-institutions\\\/senior-homes\\\/\",\"name\":\"Senior homes - Ville de Dollard-des-Ormeaux\",\"isPartOf\":{\"@id\":\"https:\\\/\\\/ville.ddo.qc.ca\\\/en\\\/#website\"},\"primaryImageOfPage\":{\"@id\":\"https:\\\/\\\/ville.ddo.qc.ca\\\/en\\\/live\\\/community-and-institutions\\\/senior-homes\\\/#primaryimage\"},\"image\":{\"@id\":\"https:\\\/\\\/ville.ddo.qc.ca\\\/en\\\/live\\\/community-and-institutions\\\/senior-homes\\\/#primaryimage\"},\"thumbnailUrl\":\"https:\\\/\\\/ville.ddo.qc.ca\\\/wp-content\\\/uploads\\\/2020\\\/11\\\/nurse-holding-senior-man-s-hands-empathy-scaled.jpg\",\"datePublished\":\"2020-07-17T17:59:22+00:00\",\"dateModified\":\"2021-03-24T17:51:14+00:00\",\"description\":\"Residences and nursing homes for seniors Bonjour r\u00e9sidences bonjourresidences.com Centre d\u2019h\u00e9bergement et soins de longue dur\u00e9e Vigi Dollard 197,\",\"breadcrumb\":{\"@id\":\"https:\\\/\\\/ville.ddo.qc.ca\\\/en\\\/live\\\/community-and-institutions\\\/senior-homes\\\/#breadcrumb\"},\"inLanguage\":\"en-CA\",\"potentialAction\":[{\"@type\":\"ReadAction\",\"target\":[\"https:\\\/\\\/ville.ddo.qc.ca\\\/en\\\/live\\\/community-and-institutions\\\/senior-homes\\\/\"]}]},{\"@type\":\"ImageObject\",\"inLanguage\":\"en-CA\",\"@id\":\"https:\\\/\\\/ville.ddo.qc.ca\\\/en\\\/live\\\/community-and-institutions\\\/senior-homes\\\/#primaryimage\",\"url\":\"https:\\\/\\\/ville.ddo.qc.ca\\\/wp-content\\\/uploads\\\/2020\\\/11\\\/nurse-holding-senior-man-s-hands-empathy-scaled.jpg\",\"contentUrl\":\"https:\\\/\\\/ville.ddo.qc.ca\\\/wp-content\\\/uploads\\\/2020\\\/11\\\/nurse-holding-senior-man-s-hands-empathy-scaled.jpg\",\"width\":1536,\"height\":1024},{\"@type\":\"BreadcrumbList\",\"@id\":\"https:\\\/\\\/ville.ddo.qc.ca\\\/en\\\/live\\\/community-and-institutions\\\/senior-homes\\\/#breadcrumb\",\"itemListElement\":[{\"@type\":\"ListItem\",\"position\":1,\"name\":\"Home\",\"item\":\"https:\\\/\\\/ville.ddo.qc.ca\\\/\"},{\"@type\":\"ListItem\",\"position\":2,\"name\":\"Live\",\"item\":\"https:\\\/\\\/ville.ddo.qc.ca\\\/en\\\/live\\\/\"},{\"@type\":\"ListItem\",\"position\":3,\"name\":\"Community and institutions\",\"item\":\"https:\\\/\\\/ville.ddo.qc.ca\\\/en\\\/live\\\/community-and-institutions\\\/\"},{\"@type\":\"ListItem\",\"position\":4,\"name\":\"Senior homes\"}]},{\"@type\":\"WebSite\",\"@id\":\"https:\\\/\\\/ville.ddo.qc.ca\\\/en\\\/#website\",\"url\":\"https:\\\/\\\/ville.ddo.qc.ca\\\/en\\\/\",\"name\":\"Ville de Dollard-des-Ormeaux\",\"description\":\"\",\"publisher\":{\"@id\":\"https:\\\/\\\/ville.ddo.qc.ca\\\/en\\\/#organization\"},\"potentialAction\":[{\"@type\":\"SearchAction\",\"target\":{\"@type\":\"EntryPoint\",\"urlTemplate\":\"https:\\\/\\\/ville.ddo.qc.ca\\\/en\\\/?s={search_term_string}\"},\"query-input\":{\"@type\":\"PropertyValueSpecification\",\"valueRequired\":true,\"valueName\":\"search_term_string\"}}],\"inLanguage\":\"en-CA\"},{\"@type\":\"Organization\",\"@id\":\"https:\\\/\\\/ville.ddo.qc.ca\\\/en\\\/#organization\",\"name\":\"Dollard-des-Ormeaux\",\"url\":\"https:\\\/\\\/ville.ddo.qc.ca\\\/en\\\/\",\"logo\":{\"@type\":\"ImageObject\",\"inLanguage\":\"en-CA\",\"@id\":\"https:\\\/\\\/ville.ddo.qc.ca\\\/en\\\/#\\\/schema\\\/logo\\\/image\\\/\",\"url\":\"https:\\\/\\\/ville.ddo.qc.ca\\\/wp-content\\\/uploads\\\/2021\\\/03\\\/Logo-DDO-bleu3-02-02-1.svg\",\"contentUrl\":\"https:\\\/\\\/ville.ddo.qc.ca\\\/wp-content\\\/uploads\\\/2021\\\/03\\\/Logo-DDO-bleu3-02-02-1.svg\",\"width\":228,\"height\":95,\"caption\":\"Dollard-des-Ormeaux\"},\"image\":{\"@id\":\"https:\\\/\\\/ville.ddo.qc.ca\\\/en\\\/#\\\/schema\\\/logo\\\/image\\\/\"},\"sameAs\":[\"https:\\\/\\\/www.facebook.com\\\/DDOville\"]}]}<\/script>\n<!-- \/ Yoast SEO plugin. -->","yoast_head_json":{"title":"Ville de Dollard-des-Ormeaux","description":"Residences and nursing homes for seniors Bonjour r\u00e9sidences bonjourresidences.com Centre d\u2019h\u00e9bergement et soins de longue dur\u00e9e Vigi Dollard 197,","robots":{"index":"index","follow":"follow","max-snippet":"max-snippet:-1","max-image-preview":"max-image-preview:large","max-video-preview":"max-video-preview:-1"},"canonical":"https:\/\/ville.ddo.qc.ca\/en\/live\/community-and-institutions\/senior-homes\/","og_locale":"en_US","og_type":"article","og_title":"Senior homes - Ville de Dollard-des-Ormeaux","og_description":"Residences and nursing homes for seniors Bonjour r\u00e9sidences bonjourresidences.com Centre d\u2019h\u00e9bergement et soins de longue dur\u00e9e Vigi Dollard 197,","og_url":"https:\/\/ville.ddo.qc.ca\/en\/live\/community-and-institutions\/senior-homes\/","og_site_name":"Ville de Dollard-des-Ormeaux","article_publisher":"https:\/\/www.facebook.com\/DDOville","article_modified_time":"2021-03-24T17:51:14+00:00","og_image":[{"width":1536,"height":1024,"url":"https:\/\/ville.ddo.qc.ca\/wp-content\/uploads\/2020\/11\/nurse-holding-senior-man-s-hands-empathy-scaled.jpg","type":"image\/jpeg"}],"twitter_card":"summary_large_image","twitter_misc":{"Est. reading time":"1 minute"},"schema":{"@context":"https:\/\/schema.org","@graph":[{"@type":"WebPage","@id":"https:\/\/ville.ddo.qc.ca\/en\/live\/community-and-institutions\/senior-homes\/","url":"https:\/\/ville.ddo.qc.ca\/en\/live\/community-and-institutions\/senior-homes\/","name":"Senior homes - Ville de Dollard-des-Ormeaux","isPartOf":{"@id":"https:\/\/ville.ddo.qc.ca\/en\/#website"},"primaryImageOfPage":{"@id":"https:\/\/ville.ddo.qc.ca\/en\/live\/community-and-institutions\/senior-homes\/#primaryimage"},"image":{"@id":"https:\/\/ville.ddo.qc.ca\/en\/live\/community-and-institutions\/senior-homes\/#primaryimage"},"thumbnailUrl":"https:\/\/ville.ddo.qc.ca\/wp-content\/uploads\/2020\/11\/nurse-holding-senior-man-s-hands-empathy-scaled.jpg","datePublished":"2020-07-17T17:59:22+00:00","dateModified":"2021-03-24T17:51:14+00:00","description":"Residences and nursing homes for seniors Bonjour r\u00e9sidences bonjourresidences.com Centre d\u2019h\u00e9bergement et soins de longue dur\u00e9e Vigi Dollard 197,","breadcrumb":{"@id":"https:\/\/ville.ddo.qc.ca\/en\/live\/community-and-institutions\/senior-homes\/#breadcrumb"},"inLanguage":"en-CA","potentialAction":[{"@type":"ReadAction","target":["https:\/\/ville.ddo.qc.ca\/en\/live\/community-and-institutions\/senior-homes\/"]}]},{"@type":"ImageObject","inLanguage":"en-CA","@id":"https:\/\/ville.ddo.qc.ca\/en\/live\/community-and-institutions\/senior-homes\/#primaryimage","url":"https:\/\/ville.ddo.qc.ca\/wp-content\/uploads\/2020\/11\/nurse-holding-senior-man-s-hands-empathy-scaled.jpg","contentUrl":"https:\/\/ville.ddo.qc.ca\/wp-content\/uploads\/2020\/11\/nurse-holding-senior-man-s-hands-empathy-scaled.jpg","width":1536,"height":1024},{"@type":"BreadcrumbList","@id":"https:\/\/ville.ddo.qc.ca\/en\/live\/community-and-institutions\/senior-homes\/#breadcrumb","itemListElement":[{"@type":"ListItem","position":1,"name":"Home","item":"https:\/\/ville.ddo.qc.ca\/"},{"@type":"ListItem","position":2,"name":"Live","item":"https:\/\/ville.ddo.qc.ca\/en\/live\/"},{"@type":"ListItem","position":3,"name":"Community and institutions","item":"https:\/\/ville.ddo.qc.ca\/en\/live\/community-and-institutions\/"},{"@type":"ListItem","position":4,"name":"Senior homes"}]},{"@type":"WebSite","@id":"https:\/\/ville.ddo.qc.ca\/en\/#website","url":"https:\/\/ville.ddo.qc.ca\/en\/","name":"Ville de Dollard-des-Ormeaux","description":"","publisher":{"@id":"https:\/\/ville.ddo.qc.ca\/en\/#organization"},"potentialAction":[{"@type":"SearchAction","target":{"@type":"EntryPoint","urlTemplate":"https:\/\/ville.ddo.qc.ca\/en\/?s={search_term_string}"},"query-input":{"@type":"PropertyValueSpecification","valueRequired":true,"valueName":"search_term_string"}}],"inLanguage":"en-CA"},{"@type":"Organization","@id":"https:\/\/ville.ddo.qc.ca\/en\/#organization","name":"Dollard-des-Ormeaux","url":"https:\/\/ville.ddo.qc.ca\/en\/","logo":{"@type":"ImageObject","inLanguage":"en-CA","@id":"https:\/\/ville.ddo.qc.ca\/en\/#\/schema\/logo\/image\/","url":"https:\/\/ville.ddo.qc.ca\/wp-content\/uploads\/2021\/03\/Logo-DDO-bleu3-02-02-1.svg","contentUrl":"https:\/\/ville.ddo.qc.ca\/wp-content\/uploads\/2021\/03\/Logo-DDO-bleu3-02-02-1.svg","width":228,"height":95,"caption":"Dollard-des-Ormeaux"},"image":{"@id":"https:\/\/ville.ddo.qc.ca\/en\/#\/schema\/logo\/image\/"},"sameAs":["https:\/\/www.facebook.com\/DDOville"]}]}},"publishpress_future_action":{"enabled":false,"date":"2026-04-24 12:24:13","action":"change-status","newStatus":"draft","terms":[],"taxonomy":"translation_priority","extraData":[]},"publishpress_future_workflow_manual_trigger":{"enabledWorkflows":[]},"_links":{"self":[{"href":"https:\/\/ville.ddo.qc.ca\/en\/wp-json\/wp\/v2\/pages\/17171","targetHints":{"allow":["GET"]}}],"collection":[{"href":"https:\/\/ville.ddo.qc.ca\/en\/wp-json\/wp\/v2\/pages"}],"about":[{"href":"https:\/\/ville.ddo.qc.ca\/en\/wp-json\/wp\/v2\/types\/page"}],"author":[{"embeddable":true,"href":"https:\/\/ville.ddo.qc.ca\/en\/wp-json\/wp\/v2\/users\/1"}],"replies":[{"embeddable":true,"href":"https:\/\/ville.ddo.qc.ca\/en\/wp-json\/wp\/v2\/comments?post=17171"}],"version-history":[{"count":0,"href":"https:\/\/ville.ddo.qc.ca\/en\/wp-json\/wp\/v2\/pages\/17171\/revisions"}],"up":[{"embeddable":true,"href":"https:\/\/ville.ddo.qc.ca\/en\/wp-json\/wp\/v2\/pages\/17237"}],"wp:featuredmedia":[{"embeddable":true,"href":"https:\/\/ville.ddo.qc.ca\/en\/wp-json\/wp\/v2\/media\/20539"}],"wp:attachment":[{"href":"https:\/\/ville.ddo.qc.ca\/en\/wp-json\/wp\/v2\/media?parent=17171"}],"curies":[{"name":"wp","href":"https:\/\/api.w.org\/{rel}","templated":true}]}}